{"id":7882,"date":"2024-06-20T10:41:37","date_gmt":"2024-06-20T08:41:37","guid":{"rendered":"https:\/\/www.boeroyachtcoatings.com\/antiincrustante\/"},"modified":"2025-08-05T10:51:24","modified_gmt":"2025-08-05T08:51:24","slug":"antiincrustante","status":"publish","type":"page","link":"https:\/\/www.boeroyachtcoatings.com\/es\/antiincrustante\/","title":{"rendered":"Antiincrustantes"},"content":{"rendered":"[vc_row type=\u00bbin_container\u00bb full_screen_row_position=\u00bbmiddle\u00bb column_margin=\u00bbdefault\u00bb column_direction=\u00bbdefault\u00bb column_direction_tablet=\u00bbdefault\u00bb column_direction_phone=\u00bbdefault\u00bb scene_position=\u00bbcenter\u00bb text_color=\u00bbdark\u00bb text_align=\u00bbleft\u00bb row_border_radius=\u00bbnone\u00bb row_border_radius_applies=\u00bbbg\u00bb overflow=\u00bbvisible\u00bb overlay_strength=\u00bb0.3&#8243; gradient_direction=\u00bbleft_to_right\u00bb shape_divider_position=\u00bbbottom\u00bb bg_image_animation=\u00bbnone\u00bb][vc_column column_padding=\u00bbno-extra-padding\u00bb column_padding_tablet=\u00bbinherit\u00bb column_padding_phone=\u00bbinherit\u00bb column_padding_position=\u00bball\u00bb column_element_direction_desktop=\u00bbdefault\u00bb column_element_spacing=\u00bbdefault\u00bb desktop_text_alignment=\u00bbdefault\u00bb tablet_text_alignment=\u00bbdefault\u00bb phone_text_alignment=\u00bbdefault\u00bb background_color_opacity=\u00bb1&#8243; background_hover_color_opacity=\u00bb1&#8243; column_backdrop_filter=\u00bbnone\u00bb column_shadow=\u00bbnone\u00bb column_border_radius=\u00bbnone\u00bb column_link_target=\u00bb_self\u00bb column_position=\u00bbdefault\u00bb gradient_direction=\u00bbleft_to_right\u00bb overlay_strength=\u00bb0.3&#8243; width=\u00bb1\/1&#8243; tablet_width_inherit=\u00bbdefault\u00bb animation_type=\u00bbdefault\u00bb bg_image_animation=\u00bbnone\u00bb border_type=\u00bbsimple\u00bb column_border_width=\u00bbnone\u00bb column_border_style=\u00bbsolid\u00bb][nectar_global_section id=\u00bb620&#8243;][\/vc_column][\/vc_row][vc_row type=\u00bbin_container\u00bb full_screen_row_position=\u00bbmiddle\u00bb column_margin=\u00bbdefault\u00bb column_direction=\u00bbdefault\u00bb column_direction_tablet=\u00bbdefault\u00bb column_direction_phone=\u00bbdefault\u00bb scene_position=\u00bbcenter\u00bb top_padding=\u00bb3%\u00bb bottom_padding=\u00bb3%\u00bb text_color=\u00bbdark\u00bb text_align=\u00bbleft\u00bb row_border_radius=\u00bbnone\u00bb row_border_radius_applies=\u00bbbg\u00bb overflow=\u00bbvisible\u00bb overlay_strength=\u00bb0.3&#8243; gradient_direction=\u00bbleft_to_right\u00bb shape_divider_position=\u00bbbottom\u00bb bg_image_animation=\u00bbnone\u00bb gradient_type=\u00bbdefault\u00bb shape_type=\u00bb\u00bb][vc_column column_padding=\u00bbno-extra-padding\u00bb column_padding_tablet=\u00bbinherit\u00bb column_padding_phone=\u00bbinherit\u00bb column_padding_position=\u00bball\u00bb column_element_direction_desktop=\u00bbdefault\u00bb column_element_spacing=\u00bbdefault\u00bb centered_text=\u00bbtrue\u00bb desktop_text_alignment=\u00bbdefault\u00bb tablet_text_alignment=\u00bbdefault\u00bb phone_text_alignment=\u00bbdefault\u00bb background_color_opacity=\u00bb1&#8243; background_hover_color_opacity=\u00bb1&#8243; column_backdrop_filter=\u00bbnone\u00bb column_shadow=\u00bbnone\u00bb column_border_radius=\u00bbnone\u00bb column_link_target=\u00bb_self\u00bb column_position=\u00bbdefault\u00bb gradient_direction=\u00bbleft_to_right\u00bb overlay_strength=\u00bb0.3&#8243; width=\u00bb1\/1&#8243; tablet_width_inherit=\u00bbdefault\u00bb animation_type=\u00bbdefault\u00bb bg_image_animation=\u00bbnone\u00bb border_type=\u00bbsimple\u00bb column_border_width=\u00bbnone\u00bb column_border_style=\u00bbsolid\u00bb column_padding_type=\u00bbdefault\u00bb gradient_type=\u00bbdefault\u00bb][split_line_heading animation_type=\u00bbline-reveal-by-space\u00bb font_style=\u00bbh2&#8243; line_reveal_by_space_text_effect=\u00bbdefault\u00bb content_alignment=\u00bbcenter\u00bb mobile_content_alignment=\u00bbinherit\u00bb link_target=\u00bb_self\u00bb text_content=\u00bbAntiincrustantes de Alta Calidad Que Cubren Cualquier Necesidad\u00bb text_direction=\u00bbdefault\u00bb][\/split_line_heading][divider line_type=\u00bbSmall Line\u00bb line_alignment=\u00bbcenter\u00bb line_thickness=\u00bb1&#8243; divider_color=\u00bbaccent-color\u00bb][split_line_heading animation_type=\u00bbline-reveal-by-space\u00bb font_style=\u00bbp\u00bb line_reveal_by_space_text_effect=\u00bbnone\u00bb content_alignment=\u00bbcenter\u00bb mobile_content_alignment=\u00bbinherit\u00bb link_target=\u00bb_self\u00bb text_content=\u00bbUna gama de productos antiincrustantes de alta tecnolog\u00eda que ofrece una protecci\u00f3n duradera y se adapta a todas las condiciones y demandas del mercado con un rendimiento garantizado.\u00bb font_size=\u00bb1.1vw\u00bb font_line_height=\u00bb1.7&#8243; font_size_tablet=\u00bb18px\u00bb font_size_phone=\u00bb16px\u00bb text_direction=\u00bbdefault\u00bb][\/split_line_heading][\/vc_column][\/vc_row][vc_row type=\u00bbin_container\u00bb full_screen_row_position=\u00bbmiddle\u00bb column_margin=\u00bbdefault\u00bb column_direction=\u00bbdefault\u00bb column_direction_tablet=\u00bbdefault\u00bb column_direction_phone=\u00bbdefault\u00bb scene_position=\u00bbcenter\u00bb constrain_group_1=\u00bbyes\u00bb text_color=\u00bbdark\u00bb text_align=\u00bbleft\u00bb row_border_radius=\u00bbnone\u00bb row_border_radius_applies=\u00bbbg\u00bb overflow=\u00bbvisible\u00bb overlay_strength=\u00bb0.3&#8243; gradient_direction=\u00bbleft_to_right\u00bb shape_divider_position=\u00bbbottom\u00bb bg_image_animation=\u00bbnone\u00bb gradient_type=\u00bbdefault\u00bb shape_type=\u00bb\u00bb][vc_column column_padding=\u00bbno-extra-padding\u00bb column_padding_tablet=\u00bbinherit\u00bb column_padding_phone=\u00bbinherit\u00bb column_padding_position=\u00bball\u00bb column_element_direction_desktop=\u00bbdefault\u00bb column_element_spacing=\u00bbdefault\u00bb desktop_text_alignment=\u00bbdefault\u00bb tablet_text_alignment=\u00bbdefault\u00bb phone_text_alignment=\u00bbdefault\u00bb background_color_opacity=\u00bb1&#8243; background_hover_color_opacity=\u00bb1&#8243; column_backdrop_filter=\u00bbnone\u00bb column_shadow=\u00bbnone\u00bb column_border_radius=\u00bbnone\u00bb column_link_target=\u00bb_self\u00bb column_position=\u00bbdefault\u00bb gradient_direction=\u00bbleft_to_right\u00bb overlay_strength=\u00bb0.3&#8243; width=\u00bb1\/1&#8243; tablet_width_inherit=\u00bbdefault\u00bb animation_type=\u00bbdefault\u00bb bg_image_animation=\u00bbnone\u00bb border_type=\u00bbsimple\u00bb column_border_width=\u00bbnone\u00bb column_border_style=\u00bbsolid\u00bb][nectar_post_grid post_type=\u00bbcustom\u00bb cpt_name=\u00bbproduct\u00bb order=\u00bbASC\u00bb orderby=\u00bbtitle\u00bb pagination=\u00bbnone\u00bb columns=\u00bb4&#8243; columns_tablet=\u00bbdefault\u00bb columns_phone=\u00bbdefault\u00bb grid_item_spacing=\u00bb10px\u00bb grid_item_height=\u00bb30vh\u00bb 4_col_masonry_layout=\u00bbdefault\u00bb image_size=\u00bbfull\u00bb aspect_ratio_image_size=\u00bbyes\u00bb custom_image_aspect_ratio=\u00bb1-1&#8243; image_loading=\u00bblazy-load\u00bb animation=\u00bbnone\u00bb animation_stagger=\u00bb90&#8243; animation_easing=\u00bbdefault\u00bb heading_tag=\u00bbdefault\u00bb heading_tag_render=\u00bbdefault\u00bb enable_indicator=\u00bbyes\u00bb mouse_indicator_style=\u00bbtooltip_text\u00bb mouse_indicator_text=\u00bbview\u00bb mouse_indicator_color=\u00bb#c20e1a\u00bb category_position=\u00bbdefault\u00bb display_excerpt=\u00bbyes\u00bb excerpt_display=\u00bbdefault\u00bb additional_meta_size=\u00bbdefault\u00bb custom_fields_location=\u00bbbefore_post_meta\u00bb grid_style=\u00bbcontent_under_image\u00bb card_design=\u00bbyes\u00bb content_under_image_text_align=\u00bbcenter\u00bb text_color=\u00bbdark\u00bb hover_effect=\u00bbnone\u00bb border_radius=\u00bb10px\u00bb shadow_on_hover=\u00bbyes\u00bb meta_visibility=\u00bbalways\u00bb posts_per_page=\u00bb12&#8243; display_type=\u00bbgrid\u00bb excerpt_length=\u00bb10&#8243; custom_query_tax=\u00bb9&#8243;][\/vc_column][\/vc_row]\n","protected":false},"excerpt":{"rendered":"<p>[vc_row type=\u00bbin_container\u00bb full_screen_row_position=\u00bbmiddle\u00bb column_margin=\u00bbdefault\u00bb column_direction=\u00bbdefault\u00bb column_direction_tablet=\u00bbdefault\u00bb column_direction_phone=\u00bbdefault\u00bb scene_position=\u00bbcenter\u00bb text_color=\u00bbdark\u00bb text_align=\u00bbleft\u00bb row_border_radius=\u00bbnone\u00bb row_border_radius_applies=\u00bbbg\u00bb overflow=\u00bbvisible\u00bb overlay_strength=\u00bb0.3&#8243; gradient_direction=\u00bbleft_to_right\u00bb shape_divider_position=\u00bbbottom\u00bb bg_image_animation=\u00bbnone\u00bb][vc_column column_padding=\u00bbno-extra-padding\u00bb column_padding_tablet=\u00bbinherit\u00bb column_padding_phone=\u00bbinherit\u00bb column_padding_position=\u00bball\u00bb column_element_direction_desktop=\u00bbdefault\u00bb column_element_spacing=\u00bbdefault\u00bb desktop_text_alignment=\u00bbdefault\u00bb tablet_text_alignment=\u00bbdefault\u00bb phone_text_alignment=\u00bbdefault\u00bb background_color_opacity=\u00bb1&#8243; background_hover_color_opacity=\u00bb1&#8243; column_backdrop_filter=\u00bbnone\u00bb column_shadow=\u00bbnone\u00bb&#8230;<\/p>\n","protected":false},"author":1,"featured_media":0,"parent":0,"menu_order":0,"comment_status":"closed","ping_status":"closed","template":"","meta":{"_acf_changed":false,"footnotes":""},"class_list":["post-7882","page","type-page","status-publish"],"acf":[],"yoast_head":"<!-- This site is optimized with the Yoast SEO plugin v27.2 - https:\/\/yoast.com\/product\/yoast-seo-wordpress\/ -->\n<title>Antiincrustante | Boero Yacht Coatings<\/title>\n<meta name=\"description\" content=\"Productos antiincrustantes de alta tecnolog\u00eda dise\u00f1ados para ofrecer una protecci\u00f3n duradera en diversas condiciones marinas.\" \/>\n<meta name=\"robots\" content=\"index, follow, max-snippet:-1, max-image-preview:large, max-video-preview:-1\" \/>\n<link rel=\"canonical\" href=\"https:\/\/www.boeroyachtcoatings.com\/es\/antiincrustante\/\" \/>\n<meta property=\"og:locale\" content=\"es_ES\" \/>\n<meta property=\"og:type\" content=\"article\" \/>\n<meta property=\"og:title\" content=\"Antiincrustante | Boero Yacht Coatings\" \/>\n<meta property=\"og:description\" content=\"Productos antiincrustantes de alta tecnolog\u00eda dise\u00f1ados para ofrecer una protecci\u00f3n duradera en diversas condiciones marinas.\" \/>\n<meta property=\"og:url\" content=\"https:\/\/www.boeroyachtcoatings.com\/es\/antiincrustante\/\" \/>\n<meta property=\"og:site_name\" content=\"Boero Yacht Coatings\" \/>\n<meta property=\"article:publisher\" content=\"https:\/\/www.facebook.com\/BoeroYC\/\" \/>\n<meta property=\"article:modified_time\" content=\"2025-08-05T08:51:24+00:00\" \/>\n<meta property=\"og:image\" content=\"https:\/\/www.boeroyachtcoatings.com\/wp-content\/uploads\/2024\/07\/antifowling-product-300x300.jpg\" \/>\n<meta name=\"twitter:card\" content=\"summary_large_image\" \/>\n<meta name=\"twitter:title\" content=\"Antiincrustante | Boero Yacht Coatings\" \/>\n<meta name=\"twitter:description\" content=\"Productos antiincrustantes de alta tecnolog\u00eda dise\u00f1ados para ofrecer una protecci\u00f3n duradera en diversas condiciones marinas.\" \/>\n<meta name=\"twitter:image\" content=\"https:\/\/www.boeroyachtcoatings.com\/wp-content\/uploads\/2024\/07\/antifowling-product-1024x1024.jpg\" \/>\n<meta name=\"twitter:label1\" content=\"Tiempo de lectura\" \/>\n\t<meta name=\"twitter:data1\" content=\"1 minuto\" \/>\n<script type=\"application\/ld+json\" class=\"yoast-schema-graph\">{\"@context\":\"https:\/\/schema.org\",\"@graph\":[{\"@type\":\"WebPage\",\"@id\":\"https:\/\/www.boeroyachtcoatings.com\/es\/antiincrustante\/\",\"url\":\"https:\/\/www.boeroyachtcoatings.com\/es\/antiincrustante\/\",\"name\":\"Antiincrustante | Boero Yacht Coatings\",\"isPartOf\":{\"@id\":\"https:\/\/www.boeroyachtcoatings.com\/es\/#website\"},\"datePublished\":\"2024-06-20T08:41:37+00:00\",\"dateModified\":\"2025-08-05T08:51:24+00:00\",\"description\":\"Productos antiincrustantes de alta tecnolog\u00eda dise\u00f1ados para ofrecer una protecci\u00f3n duradera en diversas condiciones marinas.\",\"breadcrumb\":{\"@id\":\"https:\/\/www.boeroyachtcoatings.com\/es\/antiincrustante\/#breadcrumb\"},\"inLanguage\":\"es\",\"potentialAction\":[{\"@type\":\"ReadAction\",\"target\":[\"https:\/\/www.boeroyachtcoatings.com\/es\/antiincrustante\/\"]}]},{\"@type\":\"BreadcrumbList\",\"@id\":\"https:\/\/www.boeroyachtcoatings.com\/es\/antiincrustante\/#breadcrumb\",\"itemListElement\":[{\"@type\":\"ListItem\",\"position\":1,\"name\":\"Home\",\"item\":\"https:\/\/www.boeroyachtcoatings.com\/es\/\"},{\"@type\":\"ListItem\",\"position\":2,\"name\":\"Antiincrustantes\"}]},{\"@type\":\"WebSite\",\"@id\":\"https:\/\/www.boeroyachtcoatings.com\/es\/#website\",\"url\":\"https:\/\/www.boeroyachtcoatings.com\/es\/\",\"name\":\"Boero YachtCoatings\",\"description\":\"Products for painting, repair and maintenance of boats\",\"publisher\":{\"@id\":\"https:\/\/www.boeroyachtcoatings.com\/es\/#organization\"},\"potentialAction\":[{\"@type\":\"SearchAction\",\"target\":{\"@type\":\"EntryPoint\",\"urlTemplate\":\"https:\/\/www.boeroyachtcoatings.com\/es\/?s={search_term_string}\"},\"query-input\":{\"@type\":\"PropertyValueSpecification\",\"valueRequired\":true,\"valueName\":\"search_term_string\"}}],\"inLanguage\":\"es\"},{\"@type\":\"Organization\",\"@id\":\"https:\/\/www.boeroyachtcoatings.com\/es\/#organization\",\"name\":\"Boero YachtCoatings\",\"url\":\"https:\/\/www.boeroyachtcoatings.com\/es\/\",\"logo\":{\"@type\":\"ImageObject\",\"inLanguage\":\"es\",\"@id\":\"https:\/\/www.boeroyachtcoatings.com\/es\/#\/schema\/logo\/image\/\",\"url\":\"https:\/\/www.boeroyachtcoatings.com\/wp-content\/uploads\/2026\/03\/logo-boero-yacht-new.png\",\"contentUrl\":\"https:\/\/www.boeroyachtcoatings.com\/wp-content\/uploads\/2026\/03\/logo-boero-yacht-new.png\",\"width\":513,\"height\":370,\"caption\":\"Boero YachtCoatings\"},\"image\":{\"@id\":\"https:\/\/www.boeroyachtcoatings.com\/es\/#\/schema\/logo\/image\/\"},\"sameAs\":[\"https:\/\/www.facebook.com\/BoeroYC\/\",\"https:\/\/www.linkedin.com\/company\/gruppo-boero\/\",\"https:\/\/www.instagram.com\/boeroyachtcoatings\",\"https:\/\/www.youtube.com\/channel\/UCu3UCaK1LFGsYAM1xHVhBkQ\"]}]}<\/script>\n<!-- \/ Yoast SEO plugin. -->","yoast_head_json":{"title":"Antiincrustante | Boero Yacht Coatings","description":"Productos antiincrustantes de alta tecnolog\u00eda dise\u00f1ados para ofrecer una protecci\u00f3n duradera en diversas condiciones marinas.","robots":{"index":"index","follow":"follow","max-snippet":"max-snippet:-1","max-image-preview":"max-image-preview:large","max-video-preview":"max-video-preview:-1"},"canonical":"https:\/\/www.boeroyachtcoatings.com\/es\/antiincrustante\/","og_locale":"es_ES","og_type":"article","og_title":"Antiincrustante | Boero Yacht Coatings","og_description":"Productos antiincrustantes de alta tecnolog\u00eda dise\u00f1ados para ofrecer una protecci\u00f3n duradera en diversas condiciones marinas.","og_url":"https:\/\/www.boeroyachtcoatings.com\/es\/antiincrustante\/","og_site_name":"Boero Yacht Coatings","article_publisher":"https:\/\/www.facebook.com\/BoeroYC\/","article_modified_time":"2025-08-05T08:51:24+00:00","og_image":[{"url":"https:\/\/www.boeroyachtcoatings.com\/wp-content\/uploads\/2024\/07\/antifowling-product-300x300.jpg","type":"","width":"","height":""}],"twitter_card":"summary_large_image","twitter_title":"Antiincrustante | Boero Yacht Coatings","twitter_description":"Productos antiincrustantes de alta tecnolog\u00eda dise\u00f1ados para ofrecer una protecci\u00f3n duradera en diversas condiciones marinas.","twitter_image":"https:\/\/www.boeroyachtcoatings.com\/wp-content\/uploads\/2024\/07\/antifowling-product-1024x1024.jpg","twitter_misc":{"Tiempo de lectura":"1 minuto"},"schema":{"@context":"https:\/\/schema.org","@graph":[{"@type":"WebPage","@id":"https:\/\/www.boeroyachtcoatings.com\/es\/antiincrustante\/","url":"https:\/\/www.boeroyachtcoatings.com\/es\/antiincrustante\/","name":"Antiincrustante | Boero Yacht Coatings","isPartOf":{"@id":"https:\/\/www.boeroyachtcoatings.com\/es\/#website"},"datePublished":"2024-06-20T08:41:37+00:00","dateModified":"2025-08-05T08:51:24+00:00","description":"Productos antiincrustantes de alta tecnolog\u00eda dise\u00f1ados para ofrecer una protecci\u00f3n duradera en diversas condiciones marinas.","breadcrumb":{"@id":"https:\/\/www.boeroyachtcoatings.com\/es\/antiincrustante\/#breadcrumb"},"inLanguage":"es","potentialAction":[{"@type":"ReadAction","target":["https:\/\/www.boeroyachtcoatings.com\/es\/antiincrustante\/"]}]},{"@type":"BreadcrumbList","@id":"https:\/\/www.boeroyachtcoatings.com\/es\/antiincrustante\/#breadcrumb","itemListElement":[{"@type":"ListItem","position":1,"name":"Home","item":"https:\/\/www.boeroyachtcoatings.com\/es\/"},{"@type":"ListItem","position":2,"name":"Antiincrustantes"}]},{"@type":"WebSite","@id":"https:\/\/www.boeroyachtcoatings.com\/es\/#website","url":"https:\/\/www.boeroyachtcoatings.com\/es\/","name":"Boero YachtCoatings","description":"Products for painting, repair and maintenance of boats","publisher":{"@id":"https:\/\/www.boeroyachtcoatings.com\/es\/#organization"},"potentialAction":[{"@type":"SearchAction","target":{"@type":"EntryPoint","urlTemplate":"https:\/\/www.boeroyachtcoatings.com\/es\/?s={search_term_string}"},"query-input":{"@type":"PropertyValueSpecification","valueRequired":true,"valueName":"search_term_string"}}],"inLanguage":"es"},{"@type":"Organization","@id":"https:\/\/www.boeroyachtcoatings.com\/es\/#organization","name":"Boero YachtCoatings","url":"https:\/\/www.boeroyachtcoatings.com\/es\/","logo":{"@type":"ImageObject","inLanguage":"es","@id":"https:\/\/www.boeroyachtcoatings.com\/es\/#\/schema\/logo\/image\/","url":"https:\/\/www.boeroyachtcoatings.com\/wp-content\/uploads\/2026\/03\/logo-boero-yacht-new.png","contentUrl":"https:\/\/www.boeroyachtcoatings.com\/wp-content\/uploads\/2026\/03\/logo-boero-yacht-new.png","width":513,"height":370,"caption":"Boero YachtCoatings"},"image":{"@id":"https:\/\/www.boeroyachtcoatings.com\/es\/#\/schema\/logo\/image\/"},"sameAs":["https:\/\/www.facebook.com\/BoeroYC\/","https:\/\/www.linkedin.com\/company\/gruppo-boero\/","https:\/\/www.instagram.com\/boeroyachtcoatings","https:\/\/www.youtube.com\/channel\/UCu3UCaK1LFGsYAM1xHVhBkQ"]}]}},"_links":{"self":[{"href":"https:\/\/www.boeroyachtcoatings.com\/es\/wp-json\/wp\/v2\/pages\/7882","targetHints":{"allow":["GET"]}}],"collection":[{"href":"https:\/\/www.boeroyachtcoatings.com\/es\/wp-json\/wp\/v2\/pages"}],"about":[{"href":"https:\/\/www.boeroyachtcoatings.com\/es\/wp-json\/wp\/v2\/types\/page"}],"author":[{"embeddable":true,"href":"https:\/\/www.boeroyachtcoatings.com\/es\/wp-json\/wp\/v2\/users\/1"}],"replies":[{"embeddable":true,"href":"https:\/\/www.boeroyachtcoatings.com\/es\/wp-json\/wp\/v2\/comments?post=7882"}],"version-history":[{"count":10,"href":"https:\/\/www.boeroyachtcoatings.com\/es\/wp-json\/wp\/v2\/pages\/7882\/revisions"}],"predecessor-version":[{"id":11052,"href":"https:\/\/www.boeroyachtcoatings.com\/es\/wp-json\/wp\/v2\/pages\/7882\/revisions\/11052"}],"wp:attachment":[{"href":"https:\/\/www.boeroyachtcoatings.com\/es\/wp-json\/wp\/v2\/media?parent=7882"}],"curies":[{"name":"wp","href":"https:\/\/api.w.org\/{rel}","templated":true}]}}