{"id":5392,"date":"2024-07-18T14:19:03","date_gmt":"2024-07-18T12:19:03","guid":{"rendered":"https:\/\/www.boeroyachtcoatings.com\/vernis\/"},"modified":"2025-04-03T11:42:46","modified_gmt":"2025-04-03T09:42:46","slug":"vernis","status":"publish","type":"page","link":"https:\/\/www.boeroyachtcoatings.com\/fr\/vernis\/","title":{"rendered":"Vernis"},"content":{"rendered":"[vc_row type=\u00a0\u00bbin_container\u00a0\u00bb full_screen_row_position=\u00a0\u00bbmiddle\u00a0\u00bb column_margin=\u00a0\u00bbdefault\u00a0\u00bb column_direction=\u00a0\u00bbdefault\u00a0\u00bb column_direction_tablet=\u00a0\u00bbdefault\u00a0\u00bb column_direction_phone=\u00a0\u00bbdefault\u00a0\u00bb scene_position=\u00a0\u00bbcenter\u00a0\u00bb text_color=\u00a0\u00bbdark\u00a0\u00bb text_align=\u00a0\u00bbleft\u00a0\u00bb row_border_radius=\u00a0\u00bbnone\u00a0\u00bb row_border_radius_applies=\u00a0\u00bbbg\u00a0\u00bb overflow=\u00a0\u00bbvisible\u00a0\u00bb overlay_strength=\u00a0\u00bb0.3&Prime; gradient_direction=\u00a0\u00bbleft_to_right\u00a0\u00bb shape_divider_position=\u00a0\u00bbbottom\u00a0\u00bb bg_image_animation=\u00a0\u00bbnone\u00a0\u00bb][vc_column column_padding=\u00a0\u00bbno-extra-padding\u00a0\u00bb column_padding_tablet=\u00a0\u00bbinherit\u00a0\u00bb column_padding_phone=\u00a0\u00bbinherit\u00a0\u00bb column_padding_position=\u00a0\u00bball\u00a0\u00bb column_element_direction_desktop=\u00a0\u00bbdefault\u00a0\u00bb column_element_spacing=\u00a0\u00bbdefault\u00a0\u00bb desktop_text_alignment=\u00a0\u00bbdefault\u00a0\u00bb tablet_text_alignment=\u00a0\u00bbdefault\u00a0\u00bb phone_text_alignment=\u00a0\u00bbdefault\u00a0\u00bb background_color_opacity=\u00a0\u00bb1&Prime; background_hover_color_opacity=\u00a0\u00bb1&Prime; column_backdrop_filter=\u00a0\u00bbnone\u00a0\u00bb column_shadow=\u00a0\u00bbnone\u00a0\u00bb column_border_radius=\u00a0\u00bbnone\u00a0\u00bb column_link_target=\u00a0\u00bb_self\u00a0\u00bb column_position=\u00a0\u00bbdefault\u00a0\u00bb gradient_direction=\u00a0\u00bbleft_to_right\u00a0\u00bb overlay_strength=\u00a0\u00bb0.3&Prime; width=\u00a0\u00bb1\/1&Prime; tablet_width_inherit=\u00a0\u00bbdefault\u00a0\u00bb animation_type=\u00a0\u00bbdefault\u00a0\u00bb bg_image_animation=\u00a0\u00bbnone\u00a0\u00bb border_type=\u00a0\u00bbsimple\u00a0\u00bb column_border_width=\u00a0\u00bbnone\u00a0\u00bb column_border_style=\u00a0\u00bbsolid\u00a0\u00bb][nectar_global_section id=\u00a0\u00bb620&Prime;][\/vc_column][\/vc_row][vc_row type=\u00a0\u00bbin_container\u00a0\u00bb full_screen_row_position=\u00a0\u00bbmiddle\u00a0\u00bb column_margin=\u00a0\u00bbdefault\u00a0\u00bb column_direction=\u00a0\u00bbdefault\u00a0\u00bb column_direction_tablet=\u00a0\u00bbdefault\u00a0\u00bb column_direction_phone=\u00a0\u00bbdefault\u00a0\u00bb scene_position=\u00a0\u00bbcenter\u00a0\u00bb top_padding=\u00a0\u00bb3%\u00a0\u00bb bottom_padding=\u00a0\u00bb3%\u00a0\u00bb text_color=\u00a0\u00bbdark\u00a0\u00bb text_align=\u00a0\u00bbleft\u00a0\u00bb row_border_radius=\u00a0\u00bbnone\u00a0\u00bb row_border_radius_applies=\u00a0\u00bbbg\u00a0\u00bb overflow=\u00a0\u00bbvisible\u00a0\u00bb overlay_strength=\u00a0\u00bb0.3&Prime; gradient_direction=\u00a0\u00bbleft_to_right\u00a0\u00bb shape_divider_position=\u00a0\u00bbbottom\u00a0\u00bb bg_image_animation=\u00a0\u00bbnone\u00a0\u00bb gradient_type=\u00a0\u00bbdefault\u00a0\u00bb shape_type=\u00a0\u00bb\u00a0\u00bb][vc_column column_padding=\u00a0\u00bbno-extra-padding\u00a0\u00bb column_padding_tablet=\u00a0\u00bbinherit\u00a0\u00bb column_padding_phone=\u00a0\u00bbinherit\u00a0\u00bb column_padding_position=\u00a0\u00bball\u00a0\u00bb column_element_direction_desktop=\u00a0\u00bbdefault\u00a0\u00bb column_element_spacing=\u00a0\u00bbdefault\u00a0\u00bb centered_text=\u00a0\u00bbtrue\u00a0\u00bb desktop_text_alignment=\u00a0\u00bbdefault\u00a0\u00bb tablet_text_alignment=\u00a0\u00bbdefault\u00a0\u00bb phone_text_alignment=\u00a0\u00bbdefault\u00a0\u00bb background_color_opacity=\u00a0\u00bb1&Prime; background_hover_color_opacity=\u00a0\u00bb1&Prime; column_backdrop_filter=\u00a0\u00bbnone\u00a0\u00bb column_shadow=\u00a0\u00bbnone\u00a0\u00bb column_border_radius=\u00a0\u00bbnone\u00a0\u00bb column_link_target=\u00a0\u00bb_self\u00a0\u00bb column_position=\u00a0\u00bbdefault\u00a0\u00bb gradient_direction=\u00a0\u00bbleft_to_right\u00a0\u00bb overlay_strength=\u00a0\u00bb0.3&Prime; width=\u00a0\u00bb1\/1&Prime; tablet_width_inherit=\u00a0\u00bbdefault\u00a0\u00bb animation_type=\u00a0\u00bbdefault\u00a0\u00bb bg_image_animation=\u00a0\u00bbnone\u00a0\u00bb border_type=\u00a0\u00bbsimple\u00a0\u00bb column_border_width=\u00a0\u00bbnone\u00a0\u00bb column_border_style=\u00a0\u00bbsolid\u00a0\u00bb column_padding_type=\u00a0\u00bbdefault\u00a0\u00bb gradient_type=\u00a0\u00bbdefault\u00a0\u00bb][split_line_heading animation_type=\u00a0\u00bbline-reveal-by-space\u00a0\u00bb font_style=\u00a0\u00bbh2&Prime; line_reveal_by_space_text_effect=\u00a0\u00bbdefault\u00a0\u00bb content_alignment=\u00a0\u00bbcenter\u00a0\u00bb mobile_content_alignment=\u00a0\u00bbinherit\u00a0\u00bb link_target=\u00a0\u00bb_self\u00a0\u00bb text_content=\u00a0\u00bbSolutions\u202fAvanc\u00e9es\u202fde\u202fVernis\u202fAdapt\u00e9es\u202f\u00e0\u202fChaque\u202fBesoin\u00a0\u00bb text_direction=\u00a0\u00bbdefault\u00a0\u00bb][\/split_line_heading][divider line_type=\u00a0\u00bbSmall Line\u00a0\u00bb line_alignment=\u00a0\u00bbcenter\u00a0\u00bb line_thickness=\u00a0\u00bb1&Prime; divider_color=\u00a0\u00bbaccent-color\u00a0\u00bb][split_line_heading animation_type=\u00a0\u00bbline-reveal-by-space\u00a0\u00bb font_style=\u00a0\u00bbp\u00a0\u00bb line_reveal_by_space_text_effect=\u00a0\u00bbnone\u00a0\u00bb content_alignment=\u00a0\u00bbcenter\u00a0\u00bb mobile_content_alignment=\u00a0\u00bbinherit\u00a0\u00bb link_target=\u00a0\u00bb_self\u00a0\u00bb text_content=\u00a0\u00bbUne gamme de traitements du bois et de vernis pour pr\u00e9server et am\u00e9liorer la beaut\u00e9 des finitions en bois dans le milieu marin difficile.\u00a0\u00bb font_size=\u00a0\u00bb1.1vw\u00a0\u00bb font_line_height=\u00a0\u00bb1.7&Prime; font_size_tablet=\u00a0\u00bb18px\u00a0\u00bb font_size_phone=\u00a0\u00bb16px\u00a0\u00bb text_direction=\u00a0\u00bbdefault\u00a0\u00bb][\/split_line_heading][\/vc_column][\/vc_row][vc_row type=\u00a0\u00bbin_container\u00a0\u00bb full_screen_row_position=\u00a0\u00bbmiddle\u00a0\u00bb column_margin=\u00a0\u00bbdefault\u00a0\u00bb column_direction=\u00a0\u00bbdefault\u00a0\u00bb column_direction_tablet=\u00a0\u00bbdefault\u00a0\u00bb column_direction_phone=\u00a0\u00bbdefault\u00a0\u00bb scene_position=\u00a0\u00bbcenter\u00a0\u00bb constrain_group_1=\u00a0\u00bbyes\u00a0\u00bb text_color=\u00a0\u00bbdark\u00a0\u00bb text_align=\u00a0\u00bbleft\u00a0\u00bb row_border_radius=\u00a0\u00bbnone\u00a0\u00bb row_border_radius_applies=\u00a0\u00bbbg\u00a0\u00bb overflow=\u00a0\u00bbvisible\u00a0\u00bb overlay_strength=\u00a0\u00bb0.3&Prime; gradient_direction=\u00a0\u00bbleft_to_right\u00a0\u00bb shape_divider_position=\u00a0\u00bbbottom\u00a0\u00bb bg_image_animation=\u00a0\u00bbnone\u00a0\u00bb gradient_type=\u00a0\u00bbdefault\u00a0\u00bb shape_type=\u00a0\u00bb\u00a0\u00bb][vc_column column_padding=\u00a0\u00bbno-extra-padding\u00a0\u00bb column_padding_tablet=\u00a0\u00bbinherit\u00a0\u00bb column_padding_phone=\u00a0\u00bbinherit\u00a0\u00bb column_padding_position=\u00a0\u00bball\u00a0\u00bb column_element_direction_desktop=\u00a0\u00bbdefault\u00a0\u00bb column_element_spacing=\u00a0\u00bbdefault\u00a0\u00bb desktop_text_alignment=\u00a0\u00bbdefault\u00a0\u00bb tablet_text_alignment=\u00a0\u00bbdefault\u00a0\u00bb phone_text_alignment=\u00a0\u00bbdefault\u00a0\u00bb background_color_opacity=\u00a0\u00bb1&Prime; background_hover_color_opacity=\u00a0\u00bb1&Prime; column_backdrop_filter=\u00a0\u00bbnone\u00a0\u00bb column_shadow=\u00a0\u00bbnone\u00a0\u00bb column_border_radius=\u00a0\u00bbnone\u00a0\u00bb column_link_target=\u00a0\u00bb_self\u00a0\u00bb column_position=\u00a0\u00bbdefault\u00a0\u00bb gradient_direction=\u00a0\u00bbleft_to_right\u00a0\u00bb overlay_strength=\u00a0\u00bb0.3&Prime; width=\u00a0\u00bb1\/1&Prime; tablet_width_inherit=\u00a0\u00bbdefault\u00a0\u00bb animation_type=\u00a0\u00bbdefault\u00a0\u00bb bg_image_animation=\u00a0\u00bbnone\u00a0\u00bb border_type=\u00a0\u00bbsimple\u00a0\u00bb column_border_width=\u00a0\u00bbnone\u00a0\u00bb column_border_style=\u00a0\u00bbsolid\u00a0\u00bb][nectar_post_grid post_type=\u00a0\u00bbcustom\u00a0\u00bb cpt_name=\u00a0\u00bbproduct\u00a0\u00bb order=\u00a0\u00bbASC\u00a0\u00bb orderby=\u00a0\u00bbtitle\u00a0\u00bb pagination=\u00a0\u00bbnone\u00a0\u00bb columns=\u00a0\u00bb4&Prime; columns_tablet=\u00a0\u00bbdefault\u00a0\u00bb columns_phone=\u00a0\u00bbdefault\u00a0\u00bb grid_item_spacing=\u00a0\u00bb10px\u00a0\u00bb grid_item_height=\u00a0\u00bb30vh\u00a0\u00bb 4_col_masonry_layout=\u00a0\u00bbdefault\u00a0\u00bb image_size=\u00a0\u00bbfull\u00a0\u00bb aspect_ratio_image_size=\u00a0\u00bbyes\u00a0\u00bb custom_image_aspect_ratio=\u00a0\u00bb1-1&Prime; image_loading=\u00a0\u00bblazy-load\u00a0\u00bb animation=\u00a0\u00bbnone\u00a0\u00bb animation_stagger=\u00a0\u00bb90&Prime; animation_easing=\u00a0\u00bbdefault\u00a0\u00bb heading_tag=\u00a0\u00bbdefault\u00a0\u00bb heading_tag_render=\u00a0\u00bbdefault\u00a0\u00bb enable_indicator=\u00a0\u00bbyes\u00a0\u00bb mouse_indicator_style=\u00a0\u00bbtooltip_text\u00a0\u00bb mouse_indicator_text=\u00a0\u00bbview\u00a0\u00bb mouse_indicator_color=\u00a0\u00bb#c20e1a\u00a0\u00bb category_position=\u00a0\u00bbdefault\u00a0\u00bb display_excerpt=\u00a0\u00bbyes\u00a0\u00bb excerpt_display=\u00a0\u00bbdefault\u00a0\u00bb additional_meta_size=\u00a0\u00bbdefault\u00a0\u00bb custom_fields_location=\u00a0\u00bbbefore_post_meta\u00a0\u00bb grid_style=\u00a0\u00bbcontent_under_image\u00a0\u00bb card_design=\u00a0\u00bbyes\u00a0\u00bb content_under_image_text_align=\u00a0\u00bbcenter\u00a0\u00bb text_color=\u00a0\u00bbdark\u00a0\u00bb hover_effect=\u00a0\u00bbnone\u00a0\u00bb border_radius=\u00a0\u00bb10px\u00a0\u00bb shadow_on_hover=\u00a0\u00bbyes\u00a0\u00bb meta_visibility=\u00a0\u00bbalways\u00a0\u00bb posts_per_page=\u00a0\u00bb12&Prime; display_type=\u00a0\u00bbgrid\u00a0\u00bb excerpt_length=\u00a0\u00bb10&Prime; custom_query_tax=\u00a0\u00bb20&Prime;][\/vc_column][\/vc_row]\n","protected":false},"excerpt":{"rendered":"<p>[vc_row type=\u00a0\u00bbin_container\u00a0\u00bb full_screen_row_position=\u00a0\u00bbmiddle\u00a0\u00bb column_margin=\u00a0\u00bbdefault\u00a0\u00bb column_direction=\u00a0\u00bbdefault\u00a0\u00bb column_direction_tablet=\u00a0\u00bbdefault\u00a0\u00bb column_direction_phone=\u00a0\u00bbdefault\u00a0\u00bb scene_position=\u00a0\u00bbcenter\u00a0\u00bb text_color=\u00a0\u00bbdark\u00a0\u00bb text_align=\u00a0\u00bbleft\u00a0\u00bb row_border_radius=\u00a0\u00bbnone\u00a0\u00bb row_border_radius_applies=\u00a0\u00bbbg\u00a0\u00bb overflow=\u00a0\u00bbvisible\u00a0\u00bb overlay_strength=\u00a0\u00bb0.3&Prime; gradient_direction=\u00a0\u00bbleft_to_right\u00a0\u00bb shape_divider_position=\u00a0\u00bbbottom\u00a0\u00bb bg_image_animation=\u00a0\u00bbnone\u00a0\u00bb][vc_column column_padding=\u00a0\u00bbno-extra-padding\u00a0\u00bb column_padding_tablet=\u00a0\u00bbinherit\u00a0\u00bb column_padding_phone=\u00a0\u00bbinherit\u00a0\u00bb column_padding_position=\u00a0\u00bball\u00a0\u00bb column_element_direction_desktop=\u00a0\u00bbdefault\u00a0\u00bb column_element_spacing=\u00a0\u00bbdefault\u00a0\u00bb desktop_text_alignment=\u00a0\u00bbdefault\u00a0\u00bb tablet_text_alignment=\u00a0\u00bbdefault\u00a0\u00bb phone_text_alignment=\u00a0\u00bbdefault\u00a0\u00bb background_color_opacity=\u00a0\u00bb1&Prime; background_hover_color_opacity=\u00a0\u00bb1&Prime; column_backdrop_filter=\u00a0\u00bbnone\u00a0\u00bb column_shadow=\u00a0\u00bbnone\u00a0\u00bb&#8230;<\/p>\n","protected":false},"author":1,"featured_media":5394,"parent":0,"menu_order":0,"comment_status":"closed","ping_status":"closed","template":"","meta":{"_acf_changed":false,"footnotes":""},"class_list":["post-5392","page","type-page","status-publish","has-post-thumbnail"],"acf":[],"yoast_head":"<!-- This site is optimized with the Yoast SEO plugin v27.2 - https:\/\/yoast.com\/product\/yoast-seo-wordpress\/ -->\n<title>Vernis | Boero Yacht Coatings<\/title>\n<meta name=\"description\" content=\"A range of high-quality wood treatments and varnishes designed to preserve and enhance the natural beauty of wood finishes.\" \/>\n<meta name=\"robots\" content=\"index, follow, max-snippet:-1, max-image-preview:large, max-video-preview:-1\" \/>\n<link rel=\"canonical\" href=\"https:\/\/www.boeroyachtcoatings.com\/fr\/vernis\/\" \/>\n<meta property=\"og:locale\" content=\"fr_FR\" \/>\n<meta property=\"og:type\" content=\"article\" \/>\n<meta property=\"og:title\" content=\"Vernis | Boero Yacht Coatings\" \/>\n<meta property=\"og:description\" content=\"A range of high-quality wood treatments and varnishes designed to preserve and enhance the natural beauty of wood finishes.\" \/>\n<meta property=\"og:url\" content=\"https:\/\/www.boeroyachtcoatings.com\/fr\/vernis\/\" \/>\n<meta property=\"og:site_name\" content=\"Boero Yacht Coatings\" \/>\n<meta property=\"article:publisher\" content=\"https:\/\/www.facebook.com\/BoeroYC\/\" \/>\n<meta property=\"article:modified_time\" content=\"2025-04-03T09:42:46+00:00\" \/>\n<meta property=\"og:image\" content=\"https:\/\/www.boeroyachtcoatings.com\/wp-content\/uploads\/2024\/07\/varnishes-product.jpg\" \/>\n\t<meta property=\"og:image:width\" content=\"1200\" \/>\n\t<meta property=\"og:image:height\" content=\"1200\" \/>\n\t<meta property=\"og:image:type\" content=\"image\/jpeg\" \/>\n<meta name=\"twitter:card\" content=\"summary_large_image\" \/>\n<meta name=\"twitter:title\" content=\"Vernis | Boero Yacht Coatings\" \/>\n<meta name=\"twitter:description\" content=\"A range of high-quality wood treatments and varnishes designed to preserve and enhance the natural beauty of wood finishes.\" \/>\n<meta name=\"twitter:label1\" content=\"Dur\u00e9e de lecture estim\u00e9e\" \/>\n\t<meta name=\"twitter:data1\" content=\"1 minute\" \/>\n<script type=\"application\/ld+json\" class=\"yoast-schema-graph\">{\"@context\":\"https:\/\/schema.org\",\"@graph\":[{\"@type\":\"WebPage\",\"@id\":\"https:\/\/www.boeroyachtcoatings.com\/fr\/vernis\/\",\"url\":\"https:\/\/www.boeroyachtcoatings.com\/fr\/vernis\/\",\"name\":\"Vernis | Boero Yacht Coatings\",\"isPartOf\":{\"@id\":\"https:\/\/www.boeroyachtcoatings.com\/fr\/#website\"},\"primaryImageOfPage\":{\"@id\":\"https:\/\/www.boeroyachtcoatings.com\/fr\/vernis\/#primaryimage\"},\"image\":{\"@id\":\"https:\/\/www.boeroyachtcoatings.com\/fr\/vernis\/#primaryimage\"},\"thumbnailUrl\":\"https:\/\/www.boeroyachtcoatings.com\/wp-content\/uploads\/2024\/07\/varnishes-product.jpg\",\"datePublished\":\"2024-07-18T12:19:03+00:00\",\"dateModified\":\"2025-04-03T09:42:46+00:00\",\"description\":\"A range of high-quality wood treatments and varnishes designed to preserve and enhance the natural beauty of wood finishes.\",\"breadcrumb\":{\"@id\":\"https:\/\/www.boeroyachtcoatings.com\/fr\/vernis\/#breadcrumb\"},\"inLanguage\":\"fr-FR\",\"potentialAction\":[{\"@type\":\"ReadAction\",\"target\":[\"https:\/\/www.boeroyachtcoatings.com\/fr\/vernis\/\"]}]},{\"@type\":\"ImageObject\",\"inLanguage\":\"fr-FR\",\"@id\":\"https:\/\/www.boeroyachtcoatings.com\/fr\/vernis\/#primaryimage\",\"url\":\"https:\/\/www.boeroyachtcoatings.com\/wp-content\/uploads\/2024\/07\/varnishes-product.jpg\",\"contentUrl\":\"https:\/\/www.boeroyachtcoatings.com\/wp-content\/uploads\/2024\/07\/varnishes-product.jpg\",\"width\":1200,\"height\":1200},{\"@type\":\"BreadcrumbList\",\"@id\":\"https:\/\/www.boeroyachtcoatings.com\/fr\/vernis\/#breadcrumb\",\"itemListElement\":[{\"@type\":\"ListItem\",\"position\":1,\"name\":\"Home\",\"item\":\"https:\/\/www.boeroyachtcoatings.com\/fr\/\"},{\"@type\":\"ListItem\",\"position\":2,\"name\":\"Vernis\"}]},{\"@type\":\"WebSite\",\"@id\":\"https:\/\/www.boeroyachtcoatings.com\/fr\/#website\",\"url\":\"https:\/\/www.boeroyachtcoatings.com\/fr\/\",\"name\":\"Boero YachtCoatings\",\"description\":\"Products for painting, repair and maintenance of boats\",\"publisher\":{\"@id\":\"https:\/\/www.boeroyachtcoatings.com\/fr\/#organization\"},\"potentialAction\":[{\"@type\":\"SearchAction\",\"target\":{\"@type\":\"EntryPoint\",\"urlTemplate\":\"https:\/\/www.boeroyachtcoatings.com\/fr\/?s={search_term_string}\"},\"query-input\":{\"@type\":\"PropertyValueSpecification\",\"valueRequired\":true,\"valueName\":\"search_term_string\"}}],\"inLanguage\":\"fr-FR\"},{\"@type\":\"Organization\",\"@id\":\"https:\/\/www.boeroyachtcoatings.com\/fr\/#organization\",\"name\":\"Boero YachtCoatings\",\"url\":\"https:\/\/www.boeroyachtcoatings.com\/fr\/\",\"logo\":{\"@type\":\"ImageObject\",\"inLanguage\":\"fr-FR\",\"@id\":\"https:\/\/www.boeroyachtcoatings.com\/fr\/#\/schema\/logo\/image\/\",\"url\":\"https:\/\/www.boeroyachtcoatings.com\/wp-content\/uploads\/2026\/03\/logo-boero-yacht-new.png\",\"contentUrl\":\"https:\/\/www.boeroyachtcoatings.com\/wp-content\/uploads\/2026\/03\/logo-boero-yacht-new.png\",\"width\":513,\"height\":370,\"caption\":\"Boero YachtCoatings\"},\"image\":{\"@id\":\"https:\/\/www.boeroyachtcoatings.com\/fr\/#\/schema\/logo\/image\/\"},\"sameAs\":[\"https:\/\/www.facebook.com\/BoeroYC\/\",\"https:\/\/www.linkedin.com\/company\/gruppo-boero\/\",\"https:\/\/www.instagram.com\/boeroyachtcoatings\",\"https:\/\/www.youtube.com\/channel\/UCu3UCaK1LFGsYAM1xHVhBkQ\"]}]}<\/script>\n<!-- \/ Yoast SEO plugin. -->","yoast_head_json":{"title":"Vernis | Boero Yacht Coatings","description":"A range of high-quality wood treatments and varnishes designed to preserve and enhance the natural beauty of wood finishes.","robots":{"index":"index","follow":"follow","max-snippet":"max-snippet:-1","max-image-preview":"max-image-preview:large","max-video-preview":"max-video-preview:-1"},"canonical":"https:\/\/www.boeroyachtcoatings.com\/fr\/vernis\/","og_locale":"fr_FR","og_type":"article","og_title":"Vernis | Boero Yacht Coatings","og_description":"A range of high-quality wood treatments and varnishes designed to preserve and enhance the natural beauty of wood finishes.","og_url":"https:\/\/www.boeroyachtcoatings.com\/fr\/vernis\/","og_site_name":"Boero Yacht Coatings","article_publisher":"https:\/\/www.facebook.com\/BoeroYC\/","article_modified_time":"2025-04-03T09:42:46+00:00","og_image":[{"width":1200,"height":1200,"url":"https:\/\/www.boeroyachtcoatings.com\/wp-content\/uploads\/2024\/07\/varnishes-product.jpg","type":"image\/jpeg"}],"twitter_card":"summary_large_image","twitter_title":"Vernis | Boero Yacht Coatings","twitter_description":"A range of high-quality wood treatments and varnishes designed to preserve and enhance the natural beauty of wood finishes.","twitter_misc":{"Dur\u00e9e de lecture estim\u00e9e":"1 minute"},"schema":{"@context":"https:\/\/schema.org","@graph":[{"@type":"WebPage","@id":"https:\/\/www.boeroyachtcoatings.com\/fr\/vernis\/","url":"https:\/\/www.boeroyachtcoatings.com\/fr\/vernis\/","name":"Vernis | Boero Yacht Coatings","isPartOf":{"@id":"https:\/\/www.boeroyachtcoatings.com\/fr\/#website"},"primaryImageOfPage":{"@id":"https:\/\/www.boeroyachtcoatings.com\/fr\/vernis\/#primaryimage"},"image":{"@id":"https:\/\/www.boeroyachtcoatings.com\/fr\/vernis\/#primaryimage"},"thumbnailUrl":"https:\/\/www.boeroyachtcoatings.com\/wp-content\/uploads\/2024\/07\/varnishes-product.jpg","datePublished":"2024-07-18T12:19:03+00:00","dateModified":"2025-04-03T09:42:46+00:00","description":"A range of high-quality wood treatments and varnishes designed to preserve and enhance the natural beauty of wood finishes.","breadcrumb":{"@id":"https:\/\/www.boeroyachtcoatings.com\/fr\/vernis\/#breadcrumb"},"inLanguage":"fr-FR","potentialAction":[{"@type":"ReadAction","target":["https:\/\/www.boeroyachtcoatings.com\/fr\/vernis\/"]}]},{"@type":"ImageObject","inLanguage":"fr-FR","@id":"https:\/\/www.boeroyachtcoatings.com\/fr\/vernis\/#primaryimage","url":"https:\/\/www.boeroyachtcoatings.com\/wp-content\/uploads\/2024\/07\/varnishes-product.jpg","contentUrl":"https:\/\/www.boeroyachtcoatings.com\/wp-content\/uploads\/2024\/07\/varnishes-product.jpg","width":1200,"height":1200},{"@type":"BreadcrumbList","@id":"https:\/\/www.boeroyachtcoatings.com\/fr\/vernis\/#breadcrumb","itemListElement":[{"@type":"ListItem","position":1,"name":"Home","item":"https:\/\/www.boeroyachtcoatings.com\/fr\/"},{"@type":"ListItem","position":2,"name":"Vernis"}]},{"@type":"WebSite","@id":"https:\/\/www.boeroyachtcoatings.com\/fr\/#website","url":"https:\/\/www.boeroyachtcoatings.com\/fr\/","name":"Boero YachtCoatings","description":"Products for painting, repair and maintenance of boats","publisher":{"@id":"https:\/\/www.boeroyachtcoatings.com\/fr\/#organization"},"potentialAction":[{"@type":"SearchAction","target":{"@type":"EntryPoint","urlTemplate":"https:\/\/www.boeroyachtcoatings.com\/fr\/?s={search_term_string}"},"query-input":{"@type":"PropertyValueSpecification","valueRequired":true,"valueName":"search_term_string"}}],"inLanguage":"fr-FR"},{"@type":"Organization","@id":"https:\/\/www.boeroyachtcoatings.com\/fr\/#organization","name":"Boero YachtCoatings","url":"https:\/\/www.boeroyachtcoatings.com\/fr\/","logo":{"@type":"ImageObject","inLanguage":"fr-FR","@id":"https:\/\/www.boeroyachtcoatings.com\/fr\/#\/schema\/logo\/image\/","url":"https:\/\/www.boeroyachtcoatings.com\/wp-content\/uploads\/2026\/03\/logo-boero-yacht-new.png","contentUrl":"https:\/\/www.boeroyachtcoatings.com\/wp-content\/uploads\/2026\/03\/logo-boero-yacht-new.png","width":513,"height":370,"caption":"Boero YachtCoatings"},"image":{"@id":"https:\/\/www.boeroyachtcoatings.com\/fr\/#\/schema\/logo\/image\/"},"sameAs":["https:\/\/www.facebook.com\/BoeroYC\/","https:\/\/www.linkedin.com\/company\/gruppo-boero\/","https:\/\/www.instagram.com\/boeroyachtcoatings","https:\/\/www.youtube.com\/channel\/UCu3UCaK1LFGsYAM1xHVhBkQ"]}]}},"_links":{"self":[{"href":"https:\/\/www.boeroyachtcoatings.com\/fr\/wp-json\/wp\/v2\/pages\/5392","targetHints":{"allow":["GET"]}}],"collection":[{"href":"https:\/\/www.boeroyachtcoatings.com\/fr\/wp-json\/wp\/v2\/pages"}],"about":[{"href":"https:\/\/www.boeroyachtcoatings.com\/fr\/wp-json\/wp\/v2\/types\/page"}],"author":[{"embeddable":true,"href":"https:\/\/www.boeroyachtcoatings.com\/fr\/wp-json\/wp\/v2\/users\/1"}],"replies":[{"embeddable":true,"href":"https:\/\/www.boeroyachtcoatings.com\/fr\/wp-json\/wp\/v2\/comments?post=5392"}],"version-history":[{"count":3,"href":"https:\/\/www.boeroyachtcoatings.com\/fr\/wp-json\/wp\/v2\/pages\/5392\/revisions"}],"predecessor-version":[{"id":6577,"href":"https:\/\/www.boeroyachtcoatings.com\/fr\/wp-json\/wp\/v2\/pages\/5392\/revisions\/6577"}],"wp:featuredmedia":[{"embeddable":true,"href":"https:\/\/www.boeroyachtcoatings.com\/fr\/wp-json\/wp\/v2\/media\/5394"}],"wp:attachment":[{"href":"https:\/\/www.boeroyachtcoatings.com\/fr\/wp-json\/wp\/v2\/media?parent=5392"}],"curies":[{"name":"wp","href":"https:\/\/api.w.org\/{rel}","templated":true}]}}