{"id":3611,"date":"2024-07-24T12:45:44","date_gmt":"2024-07-24T10:45:44","guid":{"rendered":"https:\/\/www.boeroyachtcoatings.com\/note-legali\/"},"modified":"2025-06-10T17:13:16","modified_gmt":"2025-06-10T15:13:16","slug":"note-legali","status":"publish","type":"page","link":"https:\/\/www.boeroyachtcoatings.com\/it\/note-legali\/","title":{"rendered":"Note legali"},"content":{"rendered":"[vc_row type=&#8221;in_container&#8221; full_screen_row_position=&#8221;middle&#8221; column_margin=&#8221;default&#8221; column_direction=&#8221;default&#8221; column_direction_tablet=&#8221;default&#8221; column_direction_phone=&#8221;default&#8221; scene_position=&#8221;center&#8221; text_color=&#8221;dark&#8221; text_align=&#8221;left&#8221; row_border_radius=&#8221;none&#8221; row_border_radius_applies=&#8221;bg&#8221; overflow=&#8221;visible&#8221; overlay_strength=&#8221;0.3&#8243; gradient_direction=&#8221;left_to_right&#8221; shape_divider_position=&#8221;bottom&#8221; bg_image_animation=&#8221;none&#8221;][vc_column column_padding=&#8221;no-extra-padding&#8221; column_padding_tablet=&#8221;inherit&#8221; column_padding_phone=&#8221;inherit&#8221; column_padding_position=&#8221;all&#8221; column_element_direction_desktop=&#8221;default&#8221; column_element_spacing=&#8221;default&#8221; desktop_text_alignment=&#8221;default&#8221; tablet_text_alignment=&#8221;default&#8221; phone_text_alignment=&#8221;default&#8221; background_color_opacity=&#8221;1&#8243; background_hover_color_opacity=&#8221;1&#8243; column_backdrop_filter=&#8221;none&#8221; column_shadow=&#8221;none&#8221; column_border_radius=&#8221;none&#8221; column_link_target=&#8221;_self&#8221; column_position=&#8221;default&#8221; el_class=&#8221;colonnaLegale&#8221; gradient_direction=&#8221;left_to_right&#8221; overlay_strength=&#8221;0.3&#8243; width=&#8221;3\/4&#8243; tablet_width_inherit=&#8221;default&#8221; animation_type=&#8221;default&#8221; bg_image_animation=&#8221;none&#8221; border_type=&#8221;simple&#8221; column_border_width=&#8221;none&#8221; column_border_style=&#8221;solid&#8221; column_padding_type=&#8221;default&#8221; gradient_type=&#8221;default&#8221;][vc_column_text css=&#8221;&#8221; text_direction=&#8221;default&#8221;]<b>Boero Bartolomeo S.p.A.<\/b><\/p>\n<p class=\"p1\">Societ\u00e0 soggetta a direzione e coordinamento di<br \/>\nCIN \u2013 CORPORA\u00c7\u00c3O INDUSTRIAL DO NORTE, S.A.<\/p>\n<p class=\"p2\">Via G. Macaggi, 19 &#8211; 16121 Genova &#8211; Italy<br \/>\nTel. +39 010 5500.1 &#8211; Fax. +39 010 5500.300<br \/>\n<a href=\"mailto:info@boeroyachtcoatings.com\"><span class=\"s1\">info@boeroyachtcoatings.com<\/span><\/a>\u00a0&#8211;\u00a0<a href=\"http:\/\/www.boeroyachtcoatings.com\"><span class=\"s1\">www.boeroyachtcoatings.com<\/span><\/a><\/p>\n<p class=\"p1\">Registro Imprese di Genova, C.F.\/P.IVA 00267120103<br \/>\nN. di REA: GE &#8211; 26358<\/p>\n<p>&nbsp;<\/p>\n<p><b>Boero YachtCoatings<\/b>.<\/p>\n<p class=\"p1\">Questo sito web \u00e8 gestito da Boero Bartolomeo S.p.A. dai relativi uffici situati a Genova &#8211; Italia &#8211; Europa.<br \/>\nL\u2019accesso e l\u2019utilizzo di questo sito web sono regolati dalla legge Italiana.<\/p>\n<p class=\"p1\">Il contenuto di questo sito web \u00e8 di propriet\u00e0 di Boero Bartolomeo S.p.A.; ogni riproduzione anche parziale del contenuto del presente sito web \u00e8 vietata.<br \/>\nQualsiasi richiesta e\/o chiarimento relativa all\u2019uso del marchio o del materiale esposto nel presente sito, dovr\u00e0 essere indirizzata al seguente indirizzo e-mail:\u00a0<a href=\"mailto:info@boeroyachtcoatings.com\"><span class=\"s1\">info@boeroyachtcoatings.com<\/span><\/a>.<\/p>\n<p>&nbsp;<\/p>\n<p><b>Informazioni<\/b><\/p>\n<p class=\"p1\">Le informazioni contenute nel presente sito web sono il pi\u00f9 possibile accurate ed aggiornate. Nessuna garanzia \u00e8 prestata in relazione alla loro esattezza, completezza, utilit\u00e0, n\u00e9 ai loro possibili impieghi da parte degli utenti, con espressa esclusione di ogni responsabilit\u00e0 per errori od omissioni.<\/p>\n<p>&nbsp;<\/p>\n<p><b>Link ad altri siti web<\/b><\/p>\n<p class=\"p1\">I link ad altri siti web ivi contenuti sono presentati per comodit\u00e0 dell&#8217;utente, senza garanzia alcuna, di qualsivoglia natura, circa i loro contenuti. Ogni responsabilit\u00e0 in proposito \u00e8 espressamente esclusa.<\/p>\n<p>&nbsp;<\/p>\n<p><a href=\"https:\/\/www.boeroyachtcoatings.com\/wp-content\/uploads\/2025\/06\/CODICE-ETICO-BOERO-BARTOLOMEO-IT.pdf\" target=\"_blank\" rel=\"noopener\">Scarica il CODICE ETICO<\/a><\/p>\n<p><a href=\"https:\/\/www.boeroyachtcoatings.com\/wp-content\/uploads\/2025\/06\/PARTE-GENERALE-MODELLO-231-BOERO.pdf\" target=\"_blank\" rel=\"noopener\">Scarica il MODELLO ORGANIZZATIVO<\/a>[\/vc_column_text][\/vc_column][vc_column column_padding=&#8221;no-extra-padding&#8221; column_padding_tablet=&#8221;inherit&#8221; column_padding_phone=&#8221;inherit&#8221; column_padding_position=&#8221;all&#8221; column_element_direction_desktop=&#8221;default&#8221; column_element_spacing=&#8221;default&#8221; desktop_text_alignment=&#8221;default&#8221; tablet_text_alignment=&#8221;default&#8221; phone_text_alignment=&#8221;default&#8221; sticky_content=&#8221;true&#8221; sticky_content_functionality=&#8221;css&#8221; sticky_content_alignment=&#8221;default&#8221; background_color_opacity=&#8221;1&#8243; background_hover_color_opacity=&#8221;1&#8243; column_backdrop_filter=&#8221;none&#8221; column_shadow=&#8221;none&#8221; column_border_radius=&#8221;none&#8221; column_link_target=&#8221;_self&#8221; column_position=&#8221;default&#8221; gradient_direction=&#8221;left_to_right&#8221; overlay_strength=&#8221;0.3&#8243; width=&#8221;1\/4&#8243; tablet_width_inherit=&#8221;default&#8221; animation_type=&#8221;default&#8221; bg_image_animation=&#8221;none&#8221; border_type=&#8221;simple&#8221; column_border_width=&#8221;none&#8221; column_border_style=&#8221;solid&#8221; column_padding_type=&#8221;default&#8221; gradient_type=&#8221;default&#8221;][vc_wp_custommenu nav_menu=&#8221;31&#8243;][\/vc_column][\/vc_row]\n","protected":false},"excerpt":{"rendered":"<p>[vc_row type=&#8221;in_container&#8221; full_screen_row_position=&#8221;middle&#8221; column_margin=&#8221;default&#8221; column_direction=&#8221;default&#8221; column_direction_tablet=&#8221;default&#8221; column_direction_phone=&#8221;default&#8221; scene_position=&#8221;center&#8221; text_color=&#8221;dark&#8221; text_align=&#8221;left&#8221; row_border_radius=&#8221;none&#8221; row_border_radius_applies=&#8221;bg&#8221; overflow=&#8221;visible&#8221; overlay_strength=&#8221;0.3&#8243; gradient_direction=&#8221;left_to_right&#8221; shape_divider_position=&#8221;bottom&#8221; bg_image_animation=&#8221;none&#8221;][vc_column column_padding=&#8221;no-extra-padding&#8221; column_padding_tablet=&#8221;inherit&#8221; column_padding_phone=&#8221;inherit&#8221; column_padding_position=&#8221;all&#8221; column_element_direction_desktop=&#8221;default&#8221; column_element_spacing=&#8221;default&#8221; desktop_text_alignment=&#8221;default&#8221; tablet_text_alignment=&#8221;default&#8221; phone_text_alignment=&#8221;default&#8221; background_color_opacity=&#8221;1&#8243; background_hover_color_opacity=&#8221;1&#8243; column_backdrop_filter=&#8221;none&#8221; column_shadow=&#8221;none&#8221;&#8230;<\/p>\n","protected":false},"author":1,"featured_media":0,"parent":0,"menu_order":0,"comment_status":"closed","ping_status":"closed","template":"","meta":{"_acf_changed":false,"footnotes":""},"class_list":["post-3611","page","type-page","status-publish"],"acf":[],"yoast_head":"<!-- This site is optimized with the Yoast SEO plugin v27.2 - https:\/\/yoast.com\/product\/yoast-seo-wordpress\/ -->\n<title>Note legali | Boero Yacht Coatings<\/title>\n<meta name=\"robots\" content=\"index, follow, max-snippet:-1, max-image-preview:large, max-video-preview:-1\" \/>\n<link rel=\"canonical\" href=\"https:\/\/www.boeroyachtcoatings.com\/it\/note-legali\/\" \/>\n<meta property=\"og:locale\" content=\"it_IT\" \/>\n<meta property=\"og:type\" content=\"article\" \/>\n<meta property=\"og:title\" content=\"Note legali | Boero Yacht Coatings\" \/>\n<meta property=\"og:description\" content=\"[vc_row type=&#8221;in_container&#8221; full_screen_row_position=&#8221;middle&#8221; column_margin=&#8221;default&#8221; column_direction=&#8221;default&#8221; column_direction_tablet=&#8221;default&#8221; column_direction_phone=&#8221;default&#8221; scene_position=&#8221;center&#8221; text_color=&#8221;dark&#8221; text_align=&#8221;left&#8221; row_border_radius=&#8221;none&#8221; row_border_radius_applies=&#8221;bg&#8221; overflow=&#8221;visible&#8221; overlay_strength=&#8221;0.3&#8243; gradient_direction=&#8221;left_to_right&#8221; shape_divider_position=&#8221;bottom&#8221; bg_image_animation=&#8221;none&#8221;][vc_column column_padding=&#8221;no-extra-padding&#8221; column_padding_tablet=&#8221;inherit&#8221; column_padding_phone=&#8221;inherit&#8221; column_padding_position=&#8221;all&#8221; column_element_direction_desktop=&#8221;default&#8221; column_element_spacing=&#8221;default&#8221; desktop_text_alignment=&#8221;default&#8221; tablet_text_alignment=&#8221;default&#8221; phone_text_alignment=&#8221;default&#8221; background_color_opacity=&#8221;1&#8243; background_hover_color_opacity=&#8221;1&#8243; column_backdrop_filter=&#8221;none&#8221; column_shadow=&#8221;none&#8221;...\" \/>\n<meta property=\"og:url\" content=\"https:\/\/www.boeroyachtcoatings.com\/it\/note-legali\/\" \/>\n<meta property=\"og:site_name\" content=\"Boero Yacht Coatings\" \/>\n<meta property=\"article:publisher\" content=\"https:\/\/www.facebook.com\/BoeroYC\/\" \/>\n<meta property=\"article:modified_time\" content=\"2025-06-10T15:13:16+00:00\" \/>\n<meta property=\"og:image\" content=\"https:\/\/www.boeroyachtcoatings.com\/wp-content\/uploads\/2024\/09\/soon-slide.jpg\" \/>\n\t<meta property=\"og:image:width\" content=\"1920\" \/>\n\t<meta property=\"og:image:height\" content=\"1200\" \/>\n\t<meta property=\"og:image:type\" content=\"image\/jpeg\" \/>\n<meta name=\"twitter:card\" content=\"summary_large_image\" \/>\n<meta name=\"twitter:label1\" content=\"Tempo di lettura stimato\" \/>\n\t<meta name=\"twitter:data1\" content=\"2 minuti\" \/>\n<script type=\"application\/ld+json\" class=\"yoast-schema-graph\">{\"@context\":\"https:\/\/schema.org\",\"@graph\":[{\"@type\":\"WebPage\",\"@id\":\"https:\/\/www.boeroyachtcoatings.com\/it\/note-legali\/\",\"url\":\"https:\/\/www.boeroyachtcoatings.com\/it\/note-legali\/\",\"name\":\"Note legali | Boero Yacht Coatings\",\"isPartOf\":{\"@id\":\"https:\/\/www.boeroyachtcoatings.com\/it\/#website\"},\"datePublished\":\"2024-07-24T10:45:44+00:00\",\"dateModified\":\"2025-06-10T15:13:16+00:00\",\"breadcrumb\":{\"@id\":\"https:\/\/www.boeroyachtcoatings.com\/it\/note-legali\/#breadcrumb\"},\"inLanguage\":\"it-IT\",\"potentialAction\":[{\"@type\":\"ReadAction\",\"target\":[\"https:\/\/www.boeroyachtcoatings.com\/it\/note-legali\/\"]}]},{\"@type\":\"BreadcrumbList\",\"@id\":\"https:\/\/www.boeroyachtcoatings.com\/it\/note-legali\/#breadcrumb\",\"itemListElement\":[{\"@type\":\"ListItem\",\"position\":1,\"name\":\"Home\",\"item\":\"https:\/\/www.boeroyachtcoatings.com\/it\/\"},{\"@type\":\"ListItem\",\"position\":2,\"name\":\"Note legali\"}]},{\"@type\":\"WebSite\",\"@id\":\"https:\/\/www.boeroyachtcoatings.com\/it\/#website\",\"url\":\"https:\/\/www.boeroyachtcoatings.com\/it\/\",\"name\":\"Boero YachtCoatings\",\"description\":\"Products for painting, repair and maintenance of boats\",\"publisher\":{\"@id\":\"https:\/\/www.boeroyachtcoatings.com\/it\/#organization\"},\"potentialAction\":[{\"@type\":\"SearchAction\",\"target\":{\"@type\":\"EntryPoint\",\"urlTemplate\":\"https:\/\/www.boeroyachtcoatings.com\/it\/?s={search_term_string}\"},\"query-input\":{\"@type\":\"PropertyValueSpecification\",\"valueRequired\":true,\"valueName\":\"search_term_string\"}}],\"inLanguage\":\"it-IT\"},{\"@type\":\"Organization\",\"@id\":\"https:\/\/www.boeroyachtcoatings.com\/it\/#organization\",\"name\":\"Boero YachtCoatings\",\"url\":\"https:\/\/www.boeroyachtcoatings.com\/it\/\",\"logo\":{\"@type\":\"ImageObject\",\"inLanguage\":\"it-IT\",\"@id\":\"https:\/\/www.boeroyachtcoatings.com\/it\/#\/schema\/logo\/image\/\",\"url\":\"https:\/\/www.boeroyachtcoatings.com\/wp-content\/uploads\/2026\/03\/logo-boero-yacht-new.png\",\"contentUrl\":\"https:\/\/www.boeroyachtcoatings.com\/wp-content\/uploads\/2026\/03\/logo-boero-yacht-new.png\",\"width\":513,\"height\":370,\"caption\":\"Boero YachtCoatings\"},\"image\":{\"@id\":\"https:\/\/www.boeroyachtcoatings.com\/it\/#\/schema\/logo\/image\/\"},\"sameAs\":[\"https:\/\/www.facebook.com\/BoeroYC\/\",\"https:\/\/www.linkedin.com\/company\/gruppo-boero\/\",\"https:\/\/www.instagram.com\/boeroyachtcoatings\",\"https:\/\/www.youtube.com\/channel\/UCu3UCaK1LFGsYAM1xHVhBkQ\"]}]}<\/script>\n<!-- \/ Yoast SEO plugin. -->","yoast_head_json":{"title":"Note legali | Boero Yacht Coatings","robots":{"index":"index","follow":"follow","max-snippet":"max-snippet:-1","max-image-preview":"max-image-preview:large","max-video-preview":"max-video-preview:-1"},"canonical":"https:\/\/www.boeroyachtcoatings.com\/it\/note-legali\/","og_locale":"it_IT","og_type":"article","og_title":"Note legali | Boero Yacht Coatings","og_description":"[vc_row type=&#8221;in_container&#8221; full_screen_row_position=&#8221;middle&#8221; column_margin=&#8221;default&#8221; column_direction=&#8221;default&#8221; column_direction_tablet=&#8221;default&#8221; column_direction_phone=&#8221;default&#8221; scene_position=&#8221;center&#8221; text_color=&#8221;dark&#8221; text_align=&#8221;left&#8221; row_border_radius=&#8221;none&#8221; row_border_radius_applies=&#8221;bg&#8221; overflow=&#8221;visible&#8221; overlay_strength=&#8221;0.3&#8243; gradient_direction=&#8221;left_to_right&#8221; shape_divider_position=&#8221;bottom&#8221; bg_image_animation=&#8221;none&#8221;][vc_column column_padding=&#8221;no-extra-padding&#8221; column_padding_tablet=&#8221;inherit&#8221; column_padding_phone=&#8221;inherit&#8221; column_padding_position=&#8221;all&#8221; column_element_direction_desktop=&#8221;default&#8221; column_element_spacing=&#8221;default&#8221; desktop_text_alignment=&#8221;default&#8221; tablet_text_alignment=&#8221;default&#8221; phone_text_alignment=&#8221;default&#8221; background_color_opacity=&#8221;1&#8243; background_hover_color_opacity=&#8221;1&#8243; column_backdrop_filter=&#8221;none&#8221; column_shadow=&#8221;none&#8221;...","og_url":"https:\/\/www.boeroyachtcoatings.com\/it\/note-legali\/","og_site_name":"Boero Yacht Coatings","article_publisher":"https:\/\/www.facebook.com\/BoeroYC\/","article_modified_time":"2025-06-10T15:13:16+00:00","og_image":[{"width":1920,"height":1200,"url":"https:\/\/www.boeroyachtcoatings.com\/wp-content\/uploads\/2024\/09\/soon-slide.jpg","type":"image\/jpeg"}],"twitter_card":"summary_large_image","twitter_misc":{"Tempo di lettura stimato":"2 minuti"},"schema":{"@context":"https:\/\/schema.org","@graph":[{"@type":"WebPage","@id":"https:\/\/www.boeroyachtcoatings.com\/it\/note-legali\/","url":"https:\/\/www.boeroyachtcoatings.com\/it\/note-legali\/","name":"Note legali | Boero Yacht Coatings","isPartOf":{"@id":"https:\/\/www.boeroyachtcoatings.com\/it\/#website"},"datePublished":"2024-07-24T10:45:44+00:00","dateModified":"2025-06-10T15:13:16+00:00","breadcrumb":{"@id":"https:\/\/www.boeroyachtcoatings.com\/it\/note-legali\/#breadcrumb"},"inLanguage":"it-IT","potentialAction":[{"@type":"ReadAction","target":["https:\/\/www.boeroyachtcoatings.com\/it\/note-legali\/"]}]},{"@type":"BreadcrumbList","@id":"https:\/\/www.boeroyachtcoatings.com\/it\/note-legali\/#breadcrumb","itemListElement":[{"@type":"ListItem","position":1,"name":"Home","item":"https:\/\/www.boeroyachtcoatings.com\/it\/"},{"@type":"ListItem","position":2,"name":"Note legali"}]},{"@type":"WebSite","@id":"https:\/\/www.boeroyachtcoatings.com\/it\/#website","url":"https:\/\/www.boeroyachtcoatings.com\/it\/","name":"Boero YachtCoatings","description":"Products for painting, repair and maintenance of boats","publisher":{"@id":"https:\/\/www.boeroyachtcoatings.com\/it\/#organization"},"potentialAction":[{"@type":"SearchAction","target":{"@type":"EntryPoint","urlTemplate":"https:\/\/www.boeroyachtcoatings.com\/it\/?s={search_term_string}"},"query-input":{"@type":"PropertyValueSpecification","valueRequired":true,"valueName":"search_term_string"}}],"inLanguage":"it-IT"},{"@type":"Organization","@id":"https:\/\/www.boeroyachtcoatings.com\/it\/#organization","name":"Boero YachtCoatings","url":"https:\/\/www.boeroyachtcoatings.com\/it\/","logo":{"@type":"ImageObject","inLanguage":"it-IT","@id":"https:\/\/www.boeroyachtcoatings.com\/it\/#\/schema\/logo\/image\/","url":"https:\/\/www.boeroyachtcoatings.com\/wp-content\/uploads\/2026\/03\/logo-boero-yacht-new.png","contentUrl":"https:\/\/www.boeroyachtcoatings.com\/wp-content\/uploads\/2026\/03\/logo-boero-yacht-new.png","width":513,"height":370,"caption":"Boero YachtCoatings"},"image":{"@id":"https:\/\/www.boeroyachtcoatings.com\/it\/#\/schema\/logo\/image\/"},"sameAs":["https:\/\/www.facebook.com\/BoeroYC\/","https:\/\/www.linkedin.com\/company\/gruppo-boero\/","https:\/\/www.instagram.com\/boeroyachtcoatings","https:\/\/www.youtube.com\/channel\/UCu3UCaK1LFGsYAM1xHVhBkQ"]}]}},"_links":{"self":[{"href":"https:\/\/www.boeroyachtcoatings.com\/it\/wp-json\/wp\/v2\/pages\/3611","targetHints":{"allow":["GET"]}}],"collection":[{"href":"https:\/\/www.boeroyachtcoatings.com\/it\/wp-json\/wp\/v2\/pages"}],"about":[{"href":"https:\/\/www.boeroyachtcoatings.com\/it\/wp-json\/wp\/v2\/types\/page"}],"author":[{"embeddable":true,"href":"https:\/\/www.boeroyachtcoatings.com\/it\/wp-json\/wp\/v2\/users\/1"}],"replies":[{"embeddable":true,"href":"https:\/\/www.boeroyachtcoatings.com\/it\/wp-json\/wp\/v2\/comments?post=3611"}],"version-history":[{"count":5,"href":"https:\/\/www.boeroyachtcoatings.com\/it\/wp-json\/wp\/v2\/pages\/3611\/revisions"}],"predecessor-version":[{"id":9055,"href":"https:\/\/www.boeroyachtcoatings.com\/it\/wp-json\/wp\/v2\/pages\/3611\/revisions\/9055"}],"wp:attachment":[{"href":"https:\/\/www.boeroyachtcoatings.com\/it\/wp-json\/wp\/v2\/media?parent=3611"}],"curies":[{"name":"wp","href":"https:\/\/api.w.org\/{rel}","templated":true}]}}