{"id":6961,"date":"2024-07-18T10:28:46","date_gmt":"2024-07-18T08:28:46","guid":{"rendered":"https:\/\/www.boeroyachtcoatings.com\/astarlar\/"},"modified":"2025-05-16T14:38:20","modified_gmt":"2025-05-16T12:38:20","slug":"astarlar","status":"publish","type":"page","link":"https:\/\/www.boeroyachtcoatings.com\/tr\/astarlar\/","title":{"rendered":"Astarlar"},"content":{"rendered":"[vc_row type=&#8221;in_container&#8221; full_screen_row_position=&#8221;middle&#8221; column_margin=&#8221;default&#8221; column_direction=&#8221;default&#8221; column_direction_tablet=&#8221;default&#8221; column_direction_phone=&#8221;default&#8221; scene_position=&#8221;center&#8221; text_color=&#8221;dark&#8221; text_align=&#8221;left&#8221; row_border_radius=&#8221;none&#8221; row_border_radius_applies=&#8221;bg&#8221; overflow=&#8221;visible&#8221; overlay_strength=&#8221;0.3&#8243; gradient_direction=&#8221;left_to_right&#8221; shape_divider_position=&#8221;bottom&#8221; bg_image_animation=&#8221;none&#8221;][vc_column column_padding=&#8221;no-extra-padding&#8221; column_padding_tablet=&#8221;inherit&#8221; column_padding_phone=&#8221;inherit&#8221; column_padding_position=&#8221;all&#8221; column_element_direction_desktop=&#8221;default&#8221; column_element_spacing=&#8221;default&#8221; desktop_text_alignment=&#8221;default&#8221; tablet_text_alignment=&#8221;default&#8221; phone_text_alignment=&#8221;default&#8221; background_color_opacity=&#8221;1&#8243; background_hover_color_opacity=&#8221;1&#8243; column_backdrop_filter=&#8221;none&#8221; column_shadow=&#8221;none&#8221; column_border_radius=&#8221;none&#8221; column_link_target=&#8221;_self&#8221; column_position=&#8221;default&#8221; gradient_direction=&#8221;left_to_right&#8221; overlay_strength=&#8221;0.3&#8243; width=&#8221;1\/1&#8243; tablet_width_inherit=&#8221;default&#8221; animation_type=&#8221;default&#8221; bg_image_animation=&#8221;none&#8221; border_type=&#8221;simple&#8221; column_border_width=&#8221;none&#8221; column_border_style=&#8221;solid&#8221;][nectar_global_section id=&#8221;620&#8243;][\/vc_column][\/vc_row][vc_row type=&#8221;in_container&#8221; full_screen_row_position=&#8221;middle&#8221; column_margin=&#8221;default&#8221; column_direction=&#8221;default&#8221; column_direction_tablet=&#8221;default&#8221; column_direction_phone=&#8221;default&#8221; scene_position=&#8221;center&#8221; top_padding=&#8221;3%&#8221; bottom_padding=&#8221;3%&#8221; text_color=&#8221;dark&#8221; text_align=&#8221;left&#8221; row_border_radius=&#8221;none&#8221; row_border_radius_applies=&#8221;bg&#8221; overflow=&#8221;visible&#8221; overlay_strength=&#8221;0.3&#8243; gradient_direction=&#8221;left_to_right&#8221; shape_divider_position=&#8221;bottom&#8221; bg_image_animation=&#8221;none&#8221; gradient_type=&#8221;default&#8221; shape_type=&#8221;&#8221;][vc_column column_padding=&#8221;no-extra-padding&#8221; column_padding_tablet=&#8221;inherit&#8221; column_padding_phone=&#8221;inherit&#8221; column_padding_position=&#8221;all&#8221; column_element_direction_desktop=&#8221;default&#8221; column_element_spacing=&#8221;default&#8221; centered_text=&#8221;true&#8221; desktop_text_alignment=&#8221;default&#8221; tablet_text_alignment=&#8221;default&#8221; phone_text_alignment=&#8221;default&#8221; background_color_opacity=&#8221;1&#8243; background_hover_color_opacity=&#8221;1&#8243; column_backdrop_filter=&#8221;none&#8221; column_shadow=&#8221;none&#8221; column_border_radius=&#8221;none&#8221; column_link_target=&#8221;_self&#8221; column_position=&#8221;default&#8221; gradient_direction=&#8221;left_to_right&#8221; overlay_strength=&#8221;0.3&#8243; width=&#8221;1\/1&#8243; tablet_width_inherit=&#8221;default&#8221; animation_type=&#8221;default&#8221; bg_image_animation=&#8221;none&#8221; border_type=&#8221;simple&#8221; column_border_width=&#8221;none&#8221; column_border_style=&#8221;solid&#8221; column_padding_type=&#8221;default&#8221; gradient_type=&#8221;default&#8221;][split_line_heading animation_type=&#8221;line-reveal-by-space&#8221; font_style=&#8221;h2&#8243; line_reveal_by_space_text_effect=&#8221;default&#8221; content_alignment=&#8221;center&#8221; mobile_content_alignment=&#8221;inherit&#8221; link_target=&#8221;_self&#8221; text_content=&#8221;Her \u0130htiyaca Uygun Geli\u015fmi\u015f Astar \u00c7\u00f6z\u00fcmleri&#8221; text_direction=&#8221;default&#8221;][\/split_line_heading][divider line_type=&#8221;Small Line&#8221; line_alignment=&#8221;center&#8221; line_thickness=&#8221;1&#8243; divider_color=&#8221;accent-color&#8221;][split_line_heading animation_type=&#8221;line-reveal-by-space&#8221; font_style=&#8221;p&#8221; line_reveal_by_space_text_effect=&#8221;none&#8221; content_alignment=&#8221;center&#8221; mobile_content_alignment=&#8221;inherit&#8221; link_target=&#8221;_self&#8221; text_content=&#8221;Su alt\u0131 ve \u00fcst\u00fc t\u00fcm y\u00fczeyler i\u00e7in m\u00fckemmel yap\u0131\u015fma, koruma ve sonraki boyalar i\u00e7in sa\u011flam bir temel sa\u011flayan tam kapsaml\u0131 astarlar.&#8221; font_size=&#8221;1.1vw&#8221; font_line_height=&#8221;1.7&#8243; font_size_tablet=&#8221;18px&#8221; font_size_phone=&#8221;16px&#8221; text_direction=&#8221;default&#8221;][\/split_line_heading][\/vc_column][\/vc_row][vc_row type=&#8221;in_container&#8221; full_screen_row_position=&#8221;middle&#8221; column_margin=&#8221;default&#8221; column_direction=&#8221;default&#8221; column_direction_tablet=&#8221;default&#8221; column_direction_phone=&#8221;default&#8221; scene_position=&#8221;center&#8221; constrain_group_1=&#8221;yes&#8221; text_color=&#8221;dark&#8221; text_align=&#8221;left&#8221; row_border_radius=&#8221;none&#8221; row_border_radius_applies=&#8221;bg&#8221; overflow=&#8221;visible&#8221; overlay_strength=&#8221;0.3&#8243; gradient_direction=&#8221;left_to_right&#8221; shape_divider_position=&#8221;bottom&#8221; bg_image_animation=&#8221;none&#8221; gradient_type=&#8221;default&#8221; shape_type=&#8221;&#8221;][vc_column column_padding=&#8221;no-extra-padding&#8221; column_padding_tablet=&#8221;inherit&#8221; column_padding_phone=&#8221;inherit&#8221; column_padding_position=&#8221;all&#8221; column_element_direction_desktop=&#8221;default&#8221; column_element_spacing=&#8221;default&#8221; desktop_text_alignment=&#8221;default&#8221; tablet_text_alignment=&#8221;default&#8221; phone_text_alignment=&#8221;default&#8221; background_color_opacity=&#8221;1&#8243; background_hover_color_opacity=&#8221;1&#8243; column_backdrop_filter=&#8221;none&#8221; column_shadow=&#8221;none&#8221; column_border_radius=&#8221;none&#8221; column_link_target=&#8221;_self&#8221; column_position=&#8221;default&#8221; gradient_direction=&#8221;left_to_right&#8221; overlay_strength=&#8221;0.3&#8243; width=&#8221;1\/1&#8243; tablet_width_inherit=&#8221;default&#8221; animation_type=&#8221;default&#8221; bg_image_animation=&#8221;none&#8221; border_type=&#8221;simple&#8221; column_border_width=&#8221;none&#8221; column_border_style=&#8221;solid&#8221;][nectar_post_grid post_type=&#8221;custom&#8221; cpt_name=&#8221;product&#8221; order=&#8221;ASC&#8221; orderby=&#8221;title&#8221; pagination=&#8221;none&#8221; columns=&#8221;4&#8243; columns_tablet=&#8221;default&#8221; columns_phone=&#8221;default&#8221; grid_item_spacing=&#8221;10px&#8221; grid_item_height=&#8221;30vh&#8221; image_size=&#8221;full&#8221; aspect_ratio_image_size=&#8221;yes&#8221; custom_image_aspect_ratio=&#8221;1-1&#8243; image_loading=&#8221;lazy-load&#8221; animation=&#8221;none&#8221; animation_stagger=&#8221;90&#8243; animation_easing=&#8221;default&#8221; heading_tag=&#8221;default&#8221; enable_indicator=&#8221;yes&#8221; mouse_indicator_style=&#8221;tooltip_text&#8221; mouse_indicator_text=&#8221;view&#8221; mouse_indicator_color=&#8221;#c20e1a&#8221; display_excerpt=&#8221;yes&#8221; excerpt_display=&#8221;default&#8221; additional_meta_size=&#8221;default&#8221; grid_style=&#8221;content_under_image&#8221; card_design=&#8221;yes&#8221; content_under_image_text_align=&#8221;center&#8221; text_color=&#8221;dark&#8221; hover_effect=&#8221;none&#8221; border_radius=&#8221;10px&#8221; shadow_on_hover=&#8221;yes&#8221; meta_visibility=&#8221;always&#8221; posts_per_page=&#8221;12&#8243; display_type=&#8221;grid&#8221; excerpt_length=&#8221;10&#8243; custom_query_tax=&#8221;14&#8243;][\/vc_column][\/vc_row]\n","protected":false},"excerpt":{"rendered":"<p>[vc_row type=&#8221;in_container&#8221; full_screen_row_position=&#8221;middle&#8221; column_margin=&#8221;default&#8221; column_direction=&#8221;default&#8221; column_direction_tablet=&#8221;default&#8221; column_direction_phone=&#8221;default&#8221; scene_position=&#8221;center&#8221; text_color=&#8221;dark&#8221; text_align=&#8221;left&#8221; row_border_radius=&#8221;none&#8221; row_border_radius_applies=&#8221;bg&#8221; overflow=&#8221;visible&#8221; overlay_strength=&#8221;0.3&#8243; gradient_direction=&#8221;left_to_right&#8221; shape_divider_position=&#8221;bottom&#8221; bg_image_animation=&#8221;none&#8221;][vc_column column_padding=&#8221;no-extra-padding&#8221; column_padding_tablet=&#8221;inherit&#8221; column_padding_phone=&#8221;inherit&#8221; column_padding_position=&#8221;all&#8221; column_element_direction_desktop=&#8221;default&#8221; column_element_spacing=&#8221;default&#8221; desktop_text_alignment=&#8221;default&#8221; tablet_text_alignment=&#8221;default&#8221; phone_text_alignment=&#8221;default&#8221; background_color_opacity=&#8221;1&#8243; background_hover_color_opacity=&#8221;1&#8243; column_backdrop_filter=&#8221;none&#8221; column_shadow=&#8221;none&#8221;&#8230;<\/p>\n","protected":false},"author":1,"featured_media":0,"parent":0,"menu_order":0,"comment_status":"closed","ping_status":"closed","template":"","meta":{"_acf_changed":false,"footnotes":""},"class_list":["post-6961","page","type-page","status-publish"],"acf":[],"yoast_head":"<!-- This site is optimized with the Yoast SEO plugin v27.2 - https:\/\/yoast.com\/product\/yoast-seo-wordpress\/ -->\n<title>Astarlar | Boero Yacht Coatings<\/title>\n<meta name=\"description\" content=\"Su hatt\u0131n\u0131n \u00fcst\u00fc ve alt\u0131 i\u00e7in kullan\u0131lmak \u00fczere tasarlanm\u0131\u015f, t\u00fcm y\u00fczey tiplerine uygun eksiksiz bir astar \u00fcr\u00fcn yelpazesi.\" \/>\n<meta name=\"robots\" content=\"index, follow, max-snippet:-1, max-image-preview:large, max-video-preview:-1\" \/>\n<link rel=\"canonical\" href=\"https:\/\/www.boeroyachtcoatings.com\/tr\/astarlar\/\" \/>\n<meta property=\"og:locale\" content=\"tr_TR\" \/>\n<meta property=\"og:type\" content=\"article\" \/>\n<meta property=\"og:title\" content=\"Astarlar | Boero Yacht Coatings\" \/>\n<meta property=\"og:description\" content=\"Su hatt\u0131n\u0131n \u00fcst\u00fc ve alt\u0131 i\u00e7in kullan\u0131lmak \u00fczere tasarlanm\u0131\u015f, t\u00fcm y\u00fczey tiplerine uygun eksiksiz bir astar \u00fcr\u00fcn yelpazesi.\" \/>\n<meta property=\"og:url\" content=\"https:\/\/www.boeroyachtcoatings.com\/tr\/astarlar\/\" \/>\n<meta property=\"og:site_name\" content=\"Boero Yacht Coatings\" \/>\n<meta property=\"article:publisher\" content=\"https:\/\/www.facebook.com\/BoeroYC\/\" \/>\n<meta property=\"article:modified_time\" content=\"2025-05-16T12:38:20+00:00\" \/>\n<meta property=\"og:image\" content=\"https:\/\/www.boeroyachtcoatings.com\/wp-content\/uploads\/2024\/07\/primers-product-300x300.jpg\" \/>\n<meta name=\"twitter:card\" content=\"summary_large_image\" \/>\n<meta name=\"twitter:title\" content=\"Astarlar | Boero Yacht Coatings\" \/>\n<meta name=\"twitter:description\" content=\"Su hatt\u0131n\u0131n \u00fcst\u00fc ve alt\u0131 i\u00e7in kullan\u0131lmak \u00fczere tasarlanm\u0131\u015f, t\u00fcm y\u00fczey tiplerine uygun eksiksiz bir astar \u00fcr\u00fcn yelpazesi.\" \/>\n<meta name=\"twitter:image\" content=\"https:\/\/www.boeroyachtcoatings.com\/wp-content\/uploads\/2024\/07\/primers-product-1024x1024.jpg\" \/>\n<meta name=\"twitter:label1\" content=\"Tahmini okuma s\u00fcresi\" \/>\n\t<meta name=\"twitter:data1\" content=\"1 dakika\" \/>\n<script type=\"application\/ld+json\" class=\"yoast-schema-graph\">{\"@context\":\"https:\/\/schema.org\",\"@graph\":[{\"@type\":\"WebPage\",\"@id\":\"https:\/\/www.boeroyachtcoatings.com\/tr\/astarlar\/\",\"url\":\"https:\/\/www.boeroyachtcoatings.com\/tr\/astarlar\/\",\"name\":\"Astarlar | Boero Yacht Coatings\",\"isPartOf\":{\"@id\":\"https:\/\/www.boeroyachtcoatings.com\/tr\/#website\"},\"datePublished\":\"2024-07-18T08:28:46+00:00\",\"dateModified\":\"2025-05-16T12:38:20+00:00\",\"description\":\"Su hatt\u0131n\u0131n \u00fcst\u00fc ve alt\u0131 i\u00e7in kullan\u0131lmak \u00fczere tasarlanm\u0131\u015f, t\u00fcm y\u00fczey tiplerine uygun eksiksiz bir astar \u00fcr\u00fcn yelpazesi.\",\"breadcrumb\":{\"@id\":\"https:\/\/www.boeroyachtcoatings.com\/tr\/astarlar\/#breadcrumb\"},\"inLanguage\":\"tr\",\"potentialAction\":[{\"@type\":\"ReadAction\",\"target\":[\"https:\/\/www.boeroyachtcoatings.com\/tr\/astarlar\/\"]}]},{\"@type\":\"BreadcrumbList\",\"@id\":\"https:\/\/www.boeroyachtcoatings.com\/tr\/astarlar\/#breadcrumb\",\"itemListElement\":[{\"@type\":\"ListItem\",\"position\":1,\"name\":\"Home\",\"item\":\"https:\/\/www.boeroyachtcoatings.com\/tr\/\"},{\"@type\":\"ListItem\",\"position\":2,\"name\":\"Astarlar\"}]},{\"@type\":\"WebSite\",\"@id\":\"https:\/\/www.boeroyachtcoatings.com\/tr\/#website\",\"url\":\"https:\/\/www.boeroyachtcoatings.com\/tr\/\",\"name\":\"Boero YachtCoatings\",\"description\":\"Products for painting, repair and maintenance of boats\",\"publisher\":{\"@id\":\"https:\/\/www.boeroyachtcoatings.com\/tr\/#organization\"},\"potentialAction\":[{\"@type\":\"SearchAction\",\"target\":{\"@type\":\"EntryPoint\",\"urlTemplate\":\"https:\/\/www.boeroyachtcoatings.com\/tr\/?s={search_term_string}\"},\"query-input\":{\"@type\":\"PropertyValueSpecification\",\"valueRequired\":true,\"valueName\":\"search_term_string\"}}],\"inLanguage\":\"tr\"},{\"@type\":\"Organization\",\"@id\":\"https:\/\/www.boeroyachtcoatings.com\/tr\/#organization\",\"name\":\"Boero YachtCoatings\",\"url\":\"https:\/\/www.boeroyachtcoatings.com\/tr\/\",\"logo\":{\"@type\":\"ImageObject\",\"inLanguage\":\"tr\",\"@id\":\"https:\/\/www.boeroyachtcoatings.com\/tr\/#\/schema\/logo\/image\/\",\"url\":\"https:\/\/www.boeroyachtcoatings.com\/wp-content\/uploads\/2026\/03\/logo-boero-yacht-new.png\",\"contentUrl\":\"https:\/\/www.boeroyachtcoatings.com\/wp-content\/uploads\/2026\/03\/logo-boero-yacht-new.png\",\"width\":513,\"height\":370,\"caption\":\"Boero YachtCoatings\"},\"image\":{\"@id\":\"https:\/\/www.boeroyachtcoatings.com\/tr\/#\/schema\/logo\/image\/\"},\"sameAs\":[\"https:\/\/www.facebook.com\/BoeroYC\/\",\"https:\/\/www.linkedin.com\/company\/gruppo-boero\/\",\"https:\/\/www.instagram.com\/boeroyachtcoatings\",\"https:\/\/www.youtube.com\/channel\/UCu3UCaK1LFGsYAM1xHVhBkQ\"]}]}<\/script>\n<!-- \/ Yoast SEO plugin. -->","yoast_head_json":{"title":"Astarlar | Boero Yacht Coatings","description":"Su hatt\u0131n\u0131n \u00fcst\u00fc ve alt\u0131 i\u00e7in kullan\u0131lmak \u00fczere tasarlanm\u0131\u015f, t\u00fcm y\u00fczey tiplerine uygun eksiksiz bir astar \u00fcr\u00fcn yelpazesi.","robots":{"index":"index","follow":"follow","max-snippet":"max-snippet:-1","max-image-preview":"max-image-preview:large","max-video-preview":"max-video-preview:-1"},"canonical":"https:\/\/www.boeroyachtcoatings.com\/tr\/astarlar\/","og_locale":"tr_TR","og_type":"article","og_title":"Astarlar | Boero Yacht Coatings","og_description":"Su hatt\u0131n\u0131n \u00fcst\u00fc ve alt\u0131 i\u00e7in kullan\u0131lmak \u00fczere tasarlanm\u0131\u015f, t\u00fcm y\u00fczey tiplerine uygun eksiksiz bir astar \u00fcr\u00fcn yelpazesi.","og_url":"https:\/\/www.boeroyachtcoatings.com\/tr\/astarlar\/","og_site_name":"Boero Yacht Coatings","article_publisher":"https:\/\/www.facebook.com\/BoeroYC\/","article_modified_time":"2025-05-16T12:38:20+00:00","og_image":[{"url":"https:\/\/www.boeroyachtcoatings.com\/wp-content\/uploads\/2024\/07\/primers-product-300x300.jpg","type":"","width":"","height":""}],"twitter_card":"summary_large_image","twitter_title":"Astarlar | Boero Yacht Coatings","twitter_description":"Su hatt\u0131n\u0131n \u00fcst\u00fc ve alt\u0131 i\u00e7in kullan\u0131lmak \u00fczere tasarlanm\u0131\u015f, t\u00fcm y\u00fczey tiplerine uygun eksiksiz bir astar \u00fcr\u00fcn yelpazesi.","twitter_image":"https:\/\/www.boeroyachtcoatings.com\/wp-content\/uploads\/2024\/07\/primers-product-1024x1024.jpg","twitter_misc":{"Tahmini okuma s\u00fcresi":"1 dakika"},"schema":{"@context":"https:\/\/schema.org","@graph":[{"@type":"WebPage","@id":"https:\/\/www.boeroyachtcoatings.com\/tr\/astarlar\/","url":"https:\/\/www.boeroyachtcoatings.com\/tr\/astarlar\/","name":"Astarlar | Boero Yacht Coatings","isPartOf":{"@id":"https:\/\/www.boeroyachtcoatings.com\/tr\/#website"},"datePublished":"2024-07-18T08:28:46+00:00","dateModified":"2025-05-16T12:38:20+00:00","description":"Su hatt\u0131n\u0131n \u00fcst\u00fc ve alt\u0131 i\u00e7in kullan\u0131lmak \u00fczere tasarlanm\u0131\u015f, t\u00fcm y\u00fczey tiplerine uygun eksiksiz bir astar \u00fcr\u00fcn yelpazesi.","breadcrumb":{"@id":"https:\/\/www.boeroyachtcoatings.com\/tr\/astarlar\/#breadcrumb"},"inLanguage":"tr","potentialAction":[{"@type":"ReadAction","target":["https:\/\/www.boeroyachtcoatings.com\/tr\/astarlar\/"]}]},{"@type":"BreadcrumbList","@id":"https:\/\/www.boeroyachtcoatings.com\/tr\/astarlar\/#breadcrumb","itemListElement":[{"@type":"ListItem","position":1,"name":"Home","item":"https:\/\/www.boeroyachtcoatings.com\/tr\/"},{"@type":"ListItem","position":2,"name":"Astarlar"}]},{"@type":"WebSite","@id":"https:\/\/www.boeroyachtcoatings.com\/tr\/#website","url":"https:\/\/www.boeroyachtcoatings.com\/tr\/","name":"Boero YachtCoatings","description":"Products for painting, repair and maintenance of boats","publisher":{"@id":"https:\/\/www.boeroyachtcoatings.com\/tr\/#organization"},"potentialAction":[{"@type":"SearchAction","target":{"@type":"EntryPoint","urlTemplate":"https:\/\/www.boeroyachtcoatings.com\/tr\/?s={search_term_string}"},"query-input":{"@type":"PropertyValueSpecification","valueRequired":true,"valueName":"search_term_string"}}],"inLanguage":"tr"},{"@type":"Organization","@id":"https:\/\/www.boeroyachtcoatings.com\/tr\/#organization","name":"Boero YachtCoatings","url":"https:\/\/www.boeroyachtcoatings.com\/tr\/","logo":{"@type":"ImageObject","inLanguage":"tr","@id":"https:\/\/www.boeroyachtcoatings.com\/tr\/#\/schema\/logo\/image\/","url":"https:\/\/www.boeroyachtcoatings.com\/wp-content\/uploads\/2026\/03\/logo-boero-yacht-new.png","contentUrl":"https:\/\/www.boeroyachtcoatings.com\/wp-content\/uploads\/2026\/03\/logo-boero-yacht-new.png","width":513,"height":370,"caption":"Boero YachtCoatings"},"image":{"@id":"https:\/\/www.boeroyachtcoatings.com\/tr\/#\/schema\/logo\/image\/"},"sameAs":["https:\/\/www.facebook.com\/BoeroYC\/","https:\/\/www.linkedin.com\/company\/gruppo-boero\/","https:\/\/www.instagram.com\/boeroyachtcoatings","https:\/\/www.youtube.com\/channel\/UCu3UCaK1LFGsYAM1xHVhBkQ"]}]}},"_links":{"self":[{"href":"https:\/\/www.boeroyachtcoatings.com\/tr\/wp-json\/wp\/v2\/pages\/6961","targetHints":{"allow":["GET"]}}],"collection":[{"href":"https:\/\/www.boeroyachtcoatings.com\/tr\/wp-json\/wp\/v2\/pages"}],"about":[{"href":"https:\/\/www.boeroyachtcoatings.com\/tr\/wp-json\/wp\/v2\/types\/page"}],"author":[{"embeddable":true,"href":"https:\/\/www.boeroyachtcoatings.com\/tr\/wp-json\/wp\/v2\/users\/1"}],"replies":[{"embeddable":true,"href":"https:\/\/www.boeroyachtcoatings.com\/tr\/wp-json\/wp\/v2\/comments?post=6961"}],"version-history":[{"count":3,"href":"https:\/\/www.boeroyachtcoatings.com\/tr\/wp-json\/wp\/v2\/pages\/6961\/revisions"}],"predecessor-version":[{"id":7640,"href":"https:\/\/www.boeroyachtcoatings.com\/tr\/wp-json\/wp\/v2\/pages\/6961\/revisions\/7640"}],"wp:attachment":[{"href":"https:\/\/www.boeroyachtcoatings.com\/tr\/wp-json\/wp\/v2\/media?parent=6961"}],"curies":[{"name":"wp","href":"https:\/\/api.w.org\/{rel}","templated":true}]}}